{"id":15421,"date":"2024-10-31T13:59:30","date_gmt":"2024-10-31T12:59:30","guid":{"rendered":"https:\/\/linoexpress.com\/sk\/?post_type=product&#038;p=15421"},"modified":"2025-10-14T13:02:43","modified_gmt":"2025-10-14T11:02:43","slug":"reflexna-lopticka","status":"publish","type":"product","link":"https:\/\/linoexpress.com\/sk\/produkt\/reflexna-lopticka\/","title":{"rendered":"Reflexn\u00e1 lopti\u010dka"},"content":{"rendered":"","protected":false},"excerpt":{"rendered":"<p>Zlep\u0161ite svoj tr\u00e9ning a posu\u0148te svoju motiv\u00e1ciu na vy\u0161\u0161iu \u00farove\u0148. Najlep\u0161ia lopta na zlep\u0161enie reflexov!<\/p>\n","protected":false},"featured_media":17251,"comment_status":"closed","ping_status":"closed","template":"","meta":{"inline_featured_image":false},"product_brand":[],"product_cat":[15,35,26],"product_tag":[],"class_list":{"0":"post-15421","1":"product","2":"type-product","3":"status-publish","4":"has-post-thumbnail","6":"product_cat-uncategorized","7":"product_cat-fun","8":"product_cat-health","10":"first","11":"instock","12":"sale","13":"taxable","14":"shipping-taxable","15":"purchasable","16":"product-type-simple"},"acf":[],"_links":{"self":[{"href":"https:\/\/linoexpress.com\/sk\/wp-json\/wp\/v2\/product\/15421","targetHints":{"allow":["GET"]}}],"collection":[{"href":"https:\/\/linoexpress.com\/sk\/wp-json\/wp\/v2\/product"}],"about":[{"href":"https:\/\/linoexpress.com\/sk\/wp-json\/wp\/v2\/types\/product"}],"replies":[{"embeddable":true,"href":"https:\/\/linoexpress.com\/sk\/wp-json\/wp\/v2\/comments?post=15421"}],"wp:featuredmedia":[{"embeddable":true,"href":"https:\/\/linoexpress.com\/sk\/wp-json\/wp\/v2\/media\/17251"}],"wp:attachment":[{"href":"https:\/\/linoexpress.com\/sk\/wp-json\/wp\/v2\/media?parent=15421"}],"wp:term":[{"taxonomy":"product_brand","embeddable":true,"href":"https:\/\/linoexpress.com\/sk\/wp-json\/wp\/v2\/product_brand?post=15421"},{"taxonomy":"product_cat","embeddable":true,"href":"https:\/\/linoexpress.com\/sk\/wp-json\/wp\/v2\/product_cat?post=15421"},{"taxonomy":"product_tag","embeddable":true,"href":"https:\/\/linoexpress.com\/sk\/wp-json\/wp\/v2\/product_tag?post=15421"}],"curies":[{"name":"wp","href":"https:\/\/api.w.org\/{rel}","templated":true}]}}