{"id":15428,"date":"2024-10-31T14:45:17","date_gmt":"2024-10-31T13:45:17","guid":{"rendered":"https:\/\/linoexpress.com\/sk\/?post_type=product&#038;p=15428"},"modified":"2025-04-28T09:52:06","modified_gmt":"2025-04-28T07:52:06","slug":"boxerska-suprava","status":"publish","type":"product","link":"https:\/\/linoexpress.com\/sk\/produkt\/boxerska-suprava\/","title":{"rendered":"Boxersk\u00e1 s\u00faprava"},"content":{"rendered":"","protected":false},"excerpt":{"rendered":"<p>Fenomen\u00e1lny sp\u00f4sob, ako si zacvi\u010di\u0165 a zbavi\u0165 sa prebyto\u010dnej energie! T\u00e1to sada rozvinie l\u00e1sku k \u0161portu a dobr\u00fa kond\u00edciu!<\/p>\n","protected":false},"featured_media":15430,"comment_status":"closed","ping_status":"closed","template":"","meta":{"inline_featured_image":false},"product_brand":[],"product_cat":[15,35,26],"product_tag":[],"class_list":{"0":"post-15428","1":"product","2":"type-product","3":"status-publish","4":"has-post-thumbnail","6":"product_cat-uncategorized","7":"product_cat-fun","8":"product_cat-health","10":"first","11":"instock","12":"sale","13":"taxable","14":"shipping-taxable","15":"purchasable","16":"product-type-simple"},"acf":[],"_links":{"self":[{"href":"https:\/\/linoexpress.com\/sk\/wp-json\/wp\/v2\/product\/15428","targetHints":{"allow":["GET"]}}],"collection":[{"href":"https:\/\/linoexpress.com\/sk\/wp-json\/wp\/v2\/product"}],"about":[{"href":"https:\/\/linoexpress.com\/sk\/wp-json\/wp\/v2\/types\/product"}],"replies":[{"embeddable":true,"href":"https:\/\/linoexpress.com\/sk\/wp-json\/wp\/v2\/comments?post=15428"}],"wp:featuredmedia":[{"embeddable":true,"href":"https:\/\/linoexpress.com\/sk\/wp-json\/wp\/v2\/media\/15430"}],"wp:attachment":[{"href":"https:\/\/linoexpress.com\/sk\/wp-json\/wp\/v2\/media?parent=15428"}],"wp:term":[{"taxonomy":"product_brand","embeddable":true,"href":"https:\/\/linoexpress.com\/sk\/wp-json\/wp\/v2\/product_brand?post=15428"},{"taxonomy":"product_cat","embeddable":true,"href":"https:\/\/linoexpress.com\/sk\/wp-json\/wp\/v2\/product_cat?post=15428"},{"taxonomy":"product_tag","embeddable":true,"href":"https:\/\/linoexpress.com\/sk\/wp-json\/wp\/v2\/product_tag?post=15428"}],"curies":[{"name":"wp","href":"https:\/\/api.w.org\/{rel}","templated":true}]}}