{"id":15440,"date":"2024-11-01T12:30:28","date_gmt":"2024-11-01T11:30:28","guid":{"rendered":"https:\/\/linoexpress.com\/sk\/?post_type=product&#038;p=15440"},"modified":"2024-11-01T12:32:50","modified_gmt":"2024-11-01T11:32:50","slug":"montessori-diy-suprava-na-sitie","status":"publish","type":"product","link":"https:\/\/linoexpress.com\/sk\/produkt\/montessori-diy-suprava-na-sitie\/","title":{"rendered":"Montessori DIY s\u00faprava na \u0161itie"},"content":{"rendered":"","protected":false},"excerpt":{"rendered":"<p>T\u00e1to s\u00faprava pre dom\u00e1cich majstrov je ide\u00e1lna na rozvoj kreativity a presnosti. Nechajte svoje deti, aby si u\u0161ili svoju ob\u013e\u00faben\u00fa hra\u010dku samy.<\/p>\n","protected":false},"featured_media":15446,"comment_status":"closed","ping_status":"closed","template":"","meta":{"inline_featured_image":false},"product_brand":[],"product_cat":[15,35],"product_tag":[],"class_list":{"0":"post-15440","1":"product","2":"type-product","3":"status-publish","4":"has-post-thumbnail","6":"product_cat-uncategorized","7":"product_cat-fun","9":"first","10":"instock","11":"sale","12":"taxable","13":"shipping-taxable","14":"purchasable","15":"product-type-simple"},"acf":[],"_links":{"self":[{"href":"https:\/\/linoexpress.com\/sk\/wp-json\/wp\/v2\/product\/15440","targetHints":{"allow":["GET"]}}],"collection":[{"href":"https:\/\/linoexpress.com\/sk\/wp-json\/wp\/v2\/product"}],"about":[{"href":"https:\/\/linoexpress.com\/sk\/wp-json\/wp\/v2\/types\/product"}],"replies":[{"embeddable":true,"href":"https:\/\/linoexpress.com\/sk\/wp-json\/wp\/v2\/comments?post=15440"}],"wp:featuredmedia":[{"embeddable":true,"href":"https:\/\/linoexpress.com\/sk\/wp-json\/wp\/v2\/media\/15446"}],"wp:attachment":[{"href":"https:\/\/linoexpress.com\/sk\/wp-json\/wp\/v2\/media?parent=15440"}],"wp:term":[{"taxonomy":"product_brand","embeddable":true,"href":"https:\/\/linoexpress.com\/sk\/wp-json\/wp\/v2\/product_brand?post=15440"},{"taxonomy":"product_cat","embeddable":true,"href":"https:\/\/linoexpress.com\/sk\/wp-json\/wp\/v2\/product_cat?post=15440"},{"taxonomy":"product_tag","embeddable":true,"href":"https:\/\/linoexpress.com\/sk\/wp-json\/wp\/v2\/product_tag?post=15440"}],"curies":[{"name":"wp","href":"https:\/\/api.w.org\/{rel}","templated":true}]}}