{"id":15450,"date":"2024-11-01T14:16:55","date_gmt":"2024-11-01T13:16:55","guid":{"rendered":"https:\/\/linoexpress.com\/sk\/?post_type=product&#038;p=15450"},"modified":"2025-01-16T13:24:01","modified_gmt":"2025-01-16T12:24:01","slug":"realisticke-masky-na-tvar","status":"publish","type":"product","link":"https:\/\/linoexpress.com\/sk\/produkt\/realisticke-masky-na-tvar\/","title":{"rendered":"Realistick\u00e9 masky na tv\u00e1r"},"content":{"rendered":"","protected":false},"excerpt":{"rendered":"<p>Masky najvy\u0161\u0161ej kvality vyroben\u00e9 tak, aby pripom\u00ednali skuto\u010dn\u00fa osobu. Bu\u010fte stredobodom pozornosti na Helloween, ma\u0161karn\u00fdch plesoch, tematick\u00fdch ve\u010dierkoch alebo pri \u017eartovan\u00ed svojich priate\u013eov!<\/p>\n","protected":false},"featured_media":15454,"comment_status":"closed","ping_status":"closed","template":"","meta":{"inline_featured_image":false},"product_brand":[],"product_cat":[15,35],"product_tag":[],"class_list":{"0":"post-15450","1":"product","2":"type-product","3":"status-publish","4":"has-post-thumbnail","6":"product_cat-uncategorized","7":"product_cat-fun","9":"first","10":"instock","11":"sale","12":"taxable","13":"shipping-taxable","14":"purchasable","15":"product-type-simple"},"acf":[],"_links":{"self":[{"href":"https:\/\/linoexpress.com\/sk\/wp-json\/wp\/v2\/product\/15450","targetHints":{"allow":["GET"]}}],"collection":[{"href":"https:\/\/linoexpress.com\/sk\/wp-json\/wp\/v2\/product"}],"about":[{"href":"https:\/\/linoexpress.com\/sk\/wp-json\/wp\/v2\/types\/product"}],"replies":[{"embeddable":true,"href":"https:\/\/linoexpress.com\/sk\/wp-json\/wp\/v2\/comments?post=15450"}],"wp:featuredmedia":[{"embeddable":true,"href":"https:\/\/linoexpress.com\/sk\/wp-json\/wp\/v2\/media\/15454"}],"wp:attachment":[{"href":"https:\/\/linoexpress.com\/sk\/wp-json\/wp\/v2\/media?parent=15450"}],"wp:term":[{"taxonomy":"product_brand","embeddable":true,"href":"https:\/\/linoexpress.com\/sk\/wp-json\/wp\/v2\/product_brand?post=15450"},{"taxonomy":"product_cat","embeddable":true,"href":"https:\/\/linoexpress.com\/sk\/wp-json\/wp\/v2\/product_cat?post=15450"},{"taxonomy":"product_tag","embeddable":true,"href":"https:\/\/linoexpress.com\/sk\/wp-json\/wp\/v2\/product_tag?post=15450"}],"curies":[{"name":"wp","href":"https:\/\/api.w.org\/{rel}","templated":true}]}}