{"id":15499,"date":"2024-11-07T15:23:43","date_gmt":"2024-11-07T14:23:43","guid":{"rendered":"https:\/\/linoexpress.com\/sk\/?post_type=product&#038;p=15499"},"modified":"2024-11-07T15:26:10","modified_gmt":"2024-11-07T14:26:10","slug":"montessori-skrinka-na-naradie","status":"publish","type":"product","link":"https:\/\/linoexpress.com\/sk\/produkt\/montessori-skrinka-na-naradie\/","title":{"rendered":"Montessori skrinka na n\u00e1radie"},"content":{"rendered":"","protected":false},"excerpt":{"rendered":"<p>Nov\u00fd sp\u00f4sob z\u00e1bavy a kvalitne str\u00e1ven\u00e9ho \u010dasu. T\u00e1to s\u00faprava Montessori n\u00e1strojov je v\u0161etko, \u010do potrebujete, aby va\u0161e deti boli \u0161\u0165astn\u00e9 a zabavili sa na cel\u00e9 hodiny!<\/p>\n","protected":false},"featured_media":15502,"comment_status":"closed","ping_status":"closed","template":"","meta":{"inline_featured_image":false},"product_brand":[],"product_cat":[15,35],"product_tag":[],"class_list":{"0":"post-15499","1":"product","2":"type-product","3":"status-publish","4":"has-post-thumbnail","6":"product_cat-uncategorized","7":"product_cat-fun","9":"first","10":"instock","11":"sale","12":"taxable","13":"shipping-taxable","14":"purchasable","15":"product-type-simple"},"acf":[],"_links":{"self":[{"href":"https:\/\/linoexpress.com\/sk\/wp-json\/wp\/v2\/product\/15499","targetHints":{"allow":["GET"]}}],"collection":[{"href":"https:\/\/linoexpress.com\/sk\/wp-json\/wp\/v2\/product"}],"about":[{"href":"https:\/\/linoexpress.com\/sk\/wp-json\/wp\/v2\/types\/product"}],"replies":[{"embeddable":true,"href":"https:\/\/linoexpress.com\/sk\/wp-json\/wp\/v2\/comments?post=15499"}],"wp:featuredmedia":[{"embeddable":true,"href":"https:\/\/linoexpress.com\/sk\/wp-json\/wp\/v2\/media\/15502"}],"wp:attachment":[{"href":"https:\/\/linoexpress.com\/sk\/wp-json\/wp\/v2\/media?parent=15499"}],"wp:term":[{"taxonomy":"product_brand","embeddable":true,"href":"https:\/\/linoexpress.com\/sk\/wp-json\/wp\/v2\/product_brand?post=15499"},{"taxonomy":"product_cat","embeddable":true,"href":"https:\/\/linoexpress.com\/sk\/wp-json\/wp\/v2\/product_cat?post=15499"},{"taxonomy":"product_tag","embeddable":true,"href":"https:\/\/linoexpress.com\/sk\/wp-json\/wp\/v2\/product_tag?post=15499"}],"curies":[{"name":"wp","href":"https:\/\/api.w.org\/{rel}","templated":true}]}}