{"id":15512,"date":"2024-11-08T09:49:13","date_gmt":"2024-11-08T08:49:13","guid":{"rendered":"https:\/\/linoexpress.com\/sk\/?post_type=product&#038;p=15512"},"modified":"2024-11-08T09:51:13","modified_gmt":"2024-11-08T08:51:13","slug":"diy-sada-na-pletenie-lanovych-naramkov","status":"publish","type":"product","link":"https:\/\/linoexpress.com\/sk\/produkt\/diy-sada-na-pletenie-lanovych-naramkov\/","title":{"rendered":"DIY sada na pletenie lanov\u00fdch n\u00e1ramkov"},"content":{"rendered":"","protected":false},"excerpt":{"rendered":"<p>T\u00e1to s\u00faprava na ru\u010dn\u00e9 pletenie je kreat\u00edvna hra pre deti, ktor\u00e1 im umo\u017e\u0148uje rozv\u00edja\u0165 ich manu\u00e1lne zru\u010dnosti a podporova\u0165 ich kreativitu.<\/p>\n","protected":false},"featured_media":15513,"comment_status":"closed","ping_status":"closed","template":"","meta":{"inline_featured_image":false},"product_brand":[],"product_cat":[15,35],"product_tag":[],"class_list":{"0":"post-15512","1":"product","2":"type-product","3":"status-publish","4":"has-post-thumbnail","6":"product_cat-uncategorized","7":"product_cat-fun","9":"first","10":"instock","11":"sale","12":"taxable","13":"shipping-taxable","14":"purchasable","15":"product-type-simple"},"acf":[],"_links":{"self":[{"href":"https:\/\/linoexpress.com\/sk\/wp-json\/wp\/v2\/product\/15512","targetHints":{"allow":["GET"]}}],"collection":[{"href":"https:\/\/linoexpress.com\/sk\/wp-json\/wp\/v2\/product"}],"about":[{"href":"https:\/\/linoexpress.com\/sk\/wp-json\/wp\/v2\/types\/product"}],"replies":[{"embeddable":true,"href":"https:\/\/linoexpress.com\/sk\/wp-json\/wp\/v2\/comments?post=15512"}],"wp:featuredmedia":[{"embeddable":true,"href":"https:\/\/linoexpress.com\/sk\/wp-json\/wp\/v2\/media\/15513"}],"wp:attachment":[{"href":"https:\/\/linoexpress.com\/sk\/wp-json\/wp\/v2\/media?parent=15512"}],"wp:term":[{"taxonomy":"product_brand","embeddable":true,"href":"https:\/\/linoexpress.com\/sk\/wp-json\/wp\/v2\/product_brand?post=15512"},{"taxonomy":"product_cat","embeddable":true,"href":"https:\/\/linoexpress.com\/sk\/wp-json\/wp\/v2\/product_cat?post=15512"},{"taxonomy":"product_tag","embeddable":true,"href":"https:\/\/linoexpress.com\/sk\/wp-json\/wp\/v2\/product_tag?post=15512"}],"curies":[{"name":"wp","href":"https:\/\/api.w.org\/{rel}","templated":true}]}}