{"id":15518,"date":"2024-11-08T11:42:37","date_gmt":"2024-11-08T10:42:37","guid":{"rendered":"https:\/\/linoexpress.com\/sk\/?post_type=product&#038;p=15518"},"modified":"2025-04-28T10:00:41","modified_gmt":"2025-04-28T08:00:41","slug":"skladacie-detske-elektricke-motokarove-vozidlo","status":"publish","type":"product","link":"https:\/\/linoexpress.com\/sk\/produkt\/skladacie-detske-elektricke-motokarove-vozidlo\/","title":{"rendered":"Skladacie detsk\u00e9 elektrick\u00e9 motok\u00e1rov\u00e9 vozidlo"},"content":{"rendered":"","protected":false},"excerpt":{"rendered":"<p>Elektrick\u00e1 motok\u00e1ra pre deti ide\u00e1lna pre t\u00fdch najmen\u0161\u00edch, ktor\u00ed miluj\u00fa vzru\u0161enie a jazdu!<\/p>\n","protected":false},"featured_media":15519,"comment_status":"closed","ping_status":"closed","template":"","meta":{"inline_featured_image":false},"product_brand":[],"product_cat":[15,35],"product_tag":[],"class_list":{"0":"post-15518","1":"product","2":"type-product","3":"status-publish","4":"has-post-thumbnail","6":"product_cat-uncategorized","7":"product_cat-fun","9":"first","10":"instock","11":"sale","12":"taxable","13":"shipping-taxable","14":"purchasable","15":"product-type-simple"},"acf":[],"_links":{"self":[{"href":"https:\/\/linoexpress.com\/sk\/wp-json\/wp\/v2\/product\/15518","targetHints":{"allow":["GET"]}}],"collection":[{"href":"https:\/\/linoexpress.com\/sk\/wp-json\/wp\/v2\/product"}],"about":[{"href":"https:\/\/linoexpress.com\/sk\/wp-json\/wp\/v2\/types\/product"}],"replies":[{"embeddable":true,"href":"https:\/\/linoexpress.com\/sk\/wp-json\/wp\/v2\/comments?post=15518"}],"wp:featuredmedia":[{"embeddable":true,"href":"https:\/\/linoexpress.com\/sk\/wp-json\/wp\/v2\/media\/15519"}],"wp:attachment":[{"href":"https:\/\/linoexpress.com\/sk\/wp-json\/wp\/v2\/media?parent=15518"}],"wp:term":[{"taxonomy":"product_brand","embeddable":true,"href":"https:\/\/linoexpress.com\/sk\/wp-json\/wp\/v2\/product_brand?post=15518"},{"taxonomy":"product_cat","embeddable":true,"href":"https:\/\/linoexpress.com\/sk\/wp-json\/wp\/v2\/product_cat?post=15518"},{"taxonomy":"product_tag","embeddable":true,"href":"https:\/\/linoexpress.com\/sk\/wp-json\/wp\/v2\/product_tag?post=15518"}],"curies":[{"name":"wp","href":"https:\/\/api.w.org\/{rel}","templated":true}]}}