{"id":16024,"date":"2025-02-18T15:33:09","date_gmt":"2025-02-18T14:33:09","guid":{"rendered":"https:\/\/linoexpress.com\/sk\/?post_type=product&#038;p=16024"},"modified":"2025-02-18T18:32:34","modified_gmt":"2025-02-18T17:32:34","slug":"neviditelny-sprej-na-poznavacie-znacky","status":"publish","type":"product","link":"https:\/\/linoexpress.com\/sk\/produkt\/neviditelny-sprej-na-poznavacie-znacky\/","title":{"rendered":"Nevidite\u013en\u00fd sprej na pozn\u00e1vacie zna\u010dky"},"content":{"rendered":"","protected":false},"excerpt":{"rendered":"<p>Tento japonsk\u00fd nevidite\u013en\u00fd sprej poskytuje okam\u017eit\u00e9 v\u00fdsledky a zais\u0165uje v\u00e1m \u00fapln\u00e9 s\u00fakromie po\u010das jazdy. Jednoducho nastriekajte \u0160PZ a zabezpe\u010dte si maxim\u00e1lnu ochranu pred sledovac\u00edmi syst\u00e9mami. S touto inovat\u00edvnou technol\u00f3giou blokovania fotografi\u00ed je va\u0161a anonymita na prvom mieste.<\/p>\n","protected":false},"featured_media":16029,"comment_status":"closed","ping_status":"closed","template":"","meta":{"inline_featured_image":false},"product_brand":[],"product_cat":[15,35],"product_tag":[],"class_list":{"0":"post-16024","1":"product","2":"type-product","3":"status-publish","4":"has-post-thumbnail","6":"product_cat-uncategorized","7":"product_cat-fun","9":"first","10":"instock","11":"sale","12":"taxable","13":"shipping-taxable","14":"purchasable","15":"product-type-simple"},"acf":[],"_links":{"self":[{"href":"https:\/\/linoexpress.com\/sk\/wp-json\/wp\/v2\/product\/16024","targetHints":{"allow":["GET"]}}],"collection":[{"href":"https:\/\/linoexpress.com\/sk\/wp-json\/wp\/v2\/product"}],"about":[{"href":"https:\/\/linoexpress.com\/sk\/wp-json\/wp\/v2\/types\/product"}],"replies":[{"embeddable":true,"href":"https:\/\/linoexpress.com\/sk\/wp-json\/wp\/v2\/comments?post=16024"}],"wp:featuredmedia":[{"embeddable":true,"href":"https:\/\/linoexpress.com\/sk\/wp-json\/wp\/v2\/media\/16029"}],"wp:attachment":[{"href":"https:\/\/linoexpress.com\/sk\/wp-json\/wp\/v2\/media?parent=16024"}],"wp:term":[{"taxonomy":"product_brand","embeddable":true,"href":"https:\/\/linoexpress.com\/sk\/wp-json\/wp\/v2\/product_brand?post=16024"},{"taxonomy":"product_cat","embeddable":true,"href":"https:\/\/linoexpress.com\/sk\/wp-json\/wp\/v2\/product_cat?post=16024"},{"taxonomy":"product_tag","embeddable":true,"href":"https:\/\/linoexpress.com\/sk\/wp-json\/wp\/v2\/product_tag?post=16024"}],"curies":[{"name":"wp","href":"https:\/\/api.w.org\/{rel}","templated":true}]}}