{"id":16066,"date":"2025-02-23T20:06:57","date_gmt":"2025-02-23T19:06:57","guid":{"rendered":"https:\/\/linoexpress.com\/sk\/?post_type=product&#038;p=16066"},"modified":"2025-02-25T11:37:22","modified_gmt":"2025-02-25T10:37:22","slug":"revolucne-riesenie-na-krcove-zily-a-opuchnute-nohy","status":"publish","type":"product","link":"https:\/\/linoexpress.com\/sk\/produkt\/revolucne-riesenie-na-krcove-zily-a-opuchnute-nohy\/","title":{"rendered":"Revolu\u010dn\u00e9 rie\u0161enie na k\u0155\u010dov\u00e9 \u017eily a opuchnut\u00e9 nohy"},"content":{"rendered":"","protected":false},"excerpt":{"rendered":"<p>Zbavte sa bolesti, opuchov a nepohodlia s inovat\u00edvnym rie\u0161en\u00edm, ktor\u00e9 zlep\u0161uje krvn\u00fd obeh a posil\u0148uje va\u0161e \u017eily. V\u010faka \u0161peci\u00e1lnej technol\u00f3gii tento produkt pom\u00e1ha obnovi\u0165 prirodzen\u00fd prietok krvi a redukova\u0165 pr\u00edznaky \u017eilovej nedostato\u010dnosti. Bezbolestn\u00e9, jednoduch\u00e9 a efekt\u00edvne \u2013 pre \u013eahk\u00e9 a zdrav\u00e9 nohy!<\/p>\n","protected":false},"featured_media":16067,"comment_status":"closed","ping_status":"closed","template":"","meta":{"inline_featured_image":false},"product_brand":[],"product_cat":[15,35],"product_tag":[],"class_list":{"0":"post-16066","1":"product","2":"type-product","3":"status-publish","4":"has-post-thumbnail","6":"product_cat-uncategorized","7":"product_cat-fun","9":"first","10":"instock","11":"sale","12":"taxable","13":"shipping-taxable","14":"purchasable","15":"product-type-simple"},"acf":[],"_links":{"self":[{"href":"https:\/\/linoexpress.com\/sk\/wp-json\/wp\/v2\/product\/16066","targetHints":{"allow":["GET"]}}],"collection":[{"href":"https:\/\/linoexpress.com\/sk\/wp-json\/wp\/v2\/product"}],"about":[{"href":"https:\/\/linoexpress.com\/sk\/wp-json\/wp\/v2\/types\/product"}],"replies":[{"embeddable":true,"href":"https:\/\/linoexpress.com\/sk\/wp-json\/wp\/v2\/comments?post=16066"}],"wp:featuredmedia":[{"embeddable":true,"href":"https:\/\/linoexpress.com\/sk\/wp-json\/wp\/v2\/media\/16067"}],"wp:attachment":[{"href":"https:\/\/linoexpress.com\/sk\/wp-json\/wp\/v2\/media?parent=16066"}],"wp:term":[{"taxonomy":"product_brand","embeddable":true,"href":"https:\/\/linoexpress.com\/sk\/wp-json\/wp\/v2\/product_brand?post=16066"},{"taxonomy":"product_cat","embeddable":true,"href":"https:\/\/linoexpress.com\/sk\/wp-json\/wp\/v2\/product_cat?post=16066"},{"taxonomy":"product_tag","embeddable":true,"href":"https:\/\/linoexpress.com\/sk\/wp-json\/wp\/v2\/product_tag?post=16066"}],"curies":[{"name":"wp","href":"https:\/\/api.w.org\/{rel}","templated":true}]}}