{"id":16099,"date":"2025-03-04T10:03:00","date_gmt":"2025-03-04T09:03:00","guid":{"rendered":"https:\/\/linoexpress.com\/sk\/?post_type=product&#038;p=16099"},"modified":"2025-09-18T10:30:49","modified_gmt":"2025-09-18T08:30:49","slug":"polohovac-pre-instalaciu-dveri","status":"publish","type":"product","link":"https:\/\/linoexpress.com\/sk\/produkt\/polohovac-pre-instalaciu-dveri\/","title":{"rendered":"Polohova\u010d pre in\u0161tal\u00e1ciu dver\u00ed"},"content":{"rendered":"","protected":false},"excerpt":{"rendered":"<p>N\u00e1\u0161 polohova\u010d na in\u0161tal\u00e1ciu dver\u00ed poskytuje r\u00fdchly a presn\u00fd sp\u00f4sob, ako dosiahnu\u0165 dokonal\u00e9 zarovnanie, a to aj bez pomoci druh\u00fdch. Tento n\u00e1stroj je navrhnut\u00fd tak, aby sa \u013eahko pou\u017e\u00edval, \u010do v\u00e1m umo\u017en\u00ed vykon\u00e1va\u0165 pr\u00e1cu r\u00fdchlej\u0161ie a efekt\u00edvnej\u0161ie.<\/p>\n","protected":false},"featured_media":16100,"comment_status":"closed","ping_status":"closed","template":"","meta":{"inline_featured_image":false},"product_brand":[],"product_cat":[15,35],"product_tag":[],"class_list":{"0":"post-16099","1":"product","2":"type-product","3":"status-publish","4":"has-post-thumbnail","6":"product_cat-uncategorized","7":"product_cat-fun","9":"first","10":"instock","11":"sale","12":"taxable","13":"shipping-taxable","14":"purchasable","15":"product-type-simple"},"acf":[],"_links":{"self":[{"href":"https:\/\/linoexpress.com\/sk\/wp-json\/wp\/v2\/product\/16099","targetHints":{"allow":["GET"]}}],"collection":[{"href":"https:\/\/linoexpress.com\/sk\/wp-json\/wp\/v2\/product"}],"about":[{"href":"https:\/\/linoexpress.com\/sk\/wp-json\/wp\/v2\/types\/product"}],"replies":[{"embeddable":true,"href":"https:\/\/linoexpress.com\/sk\/wp-json\/wp\/v2\/comments?post=16099"}],"wp:featuredmedia":[{"embeddable":true,"href":"https:\/\/linoexpress.com\/sk\/wp-json\/wp\/v2\/media\/16100"}],"wp:attachment":[{"href":"https:\/\/linoexpress.com\/sk\/wp-json\/wp\/v2\/media?parent=16099"}],"wp:term":[{"taxonomy":"product_brand","embeddable":true,"href":"https:\/\/linoexpress.com\/sk\/wp-json\/wp\/v2\/product_brand?post=16099"},{"taxonomy":"product_cat","embeddable":true,"href":"https:\/\/linoexpress.com\/sk\/wp-json\/wp\/v2\/product_cat?post=16099"},{"taxonomy":"product_tag","embeddable":true,"href":"https:\/\/linoexpress.com\/sk\/wp-json\/wp\/v2\/product_tag?post=16099"}],"curies":[{"name":"wp","href":"https:\/\/api.w.org\/{rel}","templated":true}]}}