{"id":16108,"date":"2025-03-04T12:37:30","date_gmt":"2025-03-04T11:37:30","guid":{"rendered":"https:\/\/linoexpress.com\/sk\/?post_type=product&#038;p=16108"},"modified":"2025-09-18T10:04:54","modified_gmt":"2025-09-18T08:04:54","slug":"sada-na-gravirovanie-pismen","status":"publish","type":"product","link":"https:\/\/linoexpress.com\/sk\/produkt\/sada-na-gravirovanie-pismen\/","title":{"rendered":"Sada na grav\u00edrovanie p\u00edsmen"},"content":{"rendered":"","protected":false},"excerpt":{"rendered":"<p>Cel\u00e1 abeceda grav\u00edrovania p\u00edsmen. Vytvorte monogramy, vyrazte men\u00e1 alebo slov\u00e1 alebo si prisp\u00f4sobte svoje diela!<\/p>\n","protected":false},"featured_media":16109,"comment_status":"closed","ping_status":"closed","template":"","meta":{"inline_featured_image":false},"product_brand":[],"product_cat":[15,35],"product_tag":[],"class_list":{"0":"post-16108","1":"product","2":"type-product","3":"status-publish","4":"has-post-thumbnail","6":"product_cat-uncategorized","7":"product_cat-fun","9":"first","10":"instock","11":"sale","12":"taxable","13":"shipping-taxable","14":"purchasable","15":"product-type-simple"},"acf":[],"_links":{"self":[{"href":"https:\/\/linoexpress.com\/sk\/wp-json\/wp\/v2\/product\/16108","targetHints":{"allow":["GET"]}}],"collection":[{"href":"https:\/\/linoexpress.com\/sk\/wp-json\/wp\/v2\/product"}],"about":[{"href":"https:\/\/linoexpress.com\/sk\/wp-json\/wp\/v2\/types\/product"}],"replies":[{"embeddable":true,"href":"https:\/\/linoexpress.com\/sk\/wp-json\/wp\/v2\/comments?post=16108"}],"wp:featuredmedia":[{"embeddable":true,"href":"https:\/\/linoexpress.com\/sk\/wp-json\/wp\/v2\/media\/16109"}],"wp:attachment":[{"href":"https:\/\/linoexpress.com\/sk\/wp-json\/wp\/v2\/media?parent=16108"}],"wp:term":[{"taxonomy":"product_brand","embeddable":true,"href":"https:\/\/linoexpress.com\/sk\/wp-json\/wp\/v2\/product_brand?post=16108"},{"taxonomy":"product_cat","embeddable":true,"href":"https:\/\/linoexpress.com\/sk\/wp-json\/wp\/v2\/product_cat?post=16108"},{"taxonomy":"product_tag","embeddable":true,"href":"https:\/\/linoexpress.com\/sk\/wp-json\/wp\/v2\/product_tag?post=16108"}],"curies":[{"name":"wp","href":"https:\/\/api.w.org\/{rel}","templated":true}]}}