{"id":16117,"date":"2025-03-04T13:33:26","date_gmt":"2025-03-04T12:33:26","guid":{"rendered":"https:\/\/linoexpress.com\/sk\/?post_type=product&#038;p=16117"},"modified":"2025-04-28T13:00:39","modified_gmt":"2025-04-28T11:00:39","slug":"umelecka-suprava-kreativna-magia","status":"publish","type":"product","link":"https:\/\/linoexpress.com\/sk\/produkt\/umelecka-suprava-kreativna-magia\/","title":{"rendered":"Umeleck\u00e1 s\u00faprava &#8211; kreat\u00edvna m\u00e1gia"},"content":{"rendered":"","protected":false},"excerpt":{"rendered":"<p>Objavte \u010darovn\u00fd svet umenia! T\u00e1to kreat\u00edvna sada u\u013eah\u010duje vytv\u00e1ranie \u00fa\u017easn\u00fdch umeleck\u00fdch diel jedin\u00fdm \u0161krabancom. \u010ci u\u017e ste za\u010diato\u010dn\u00edk alebo sk\u00fasen\u00fd umelec, t\u00e1to s\u00faprava pon\u00faka nekone\u010dn\u00e9 mo\u017enosti na vyjadrenie va\u0161ej kreativity. Rozvese\u013ete deti alebo seba touto z\u00e1bavnou a vzdel\u00e1vacou aktivitou!<\/p>\n","protected":false},"featured_media":16123,"comment_status":"closed","ping_status":"closed","template":"","meta":{"inline_featured_image":false},"product_brand":[],"product_cat":[15,35],"product_tag":[],"class_list":{"0":"post-16117","1":"product","2":"type-product","3":"status-publish","4":"has-post-thumbnail","6":"product_cat-uncategorized","7":"product_cat-fun","9":"first","10":"instock","11":"sale","12":"taxable","13":"shipping-taxable","14":"purchasable","15":"product-type-simple"},"acf":[],"_links":{"self":[{"href":"https:\/\/linoexpress.com\/sk\/wp-json\/wp\/v2\/product\/16117","targetHints":{"allow":["GET"]}}],"collection":[{"href":"https:\/\/linoexpress.com\/sk\/wp-json\/wp\/v2\/product"}],"about":[{"href":"https:\/\/linoexpress.com\/sk\/wp-json\/wp\/v2\/types\/product"}],"replies":[{"embeddable":true,"href":"https:\/\/linoexpress.com\/sk\/wp-json\/wp\/v2\/comments?post=16117"}],"wp:featuredmedia":[{"embeddable":true,"href":"https:\/\/linoexpress.com\/sk\/wp-json\/wp\/v2\/media\/16123"}],"wp:attachment":[{"href":"https:\/\/linoexpress.com\/sk\/wp-json\/wp\/v2\/media?parent=16117"}],"wp:term":[{"taxonomy":"product_brand","embeddable":true,"href":"https:\/\/linoexpress.com\/sk\/wp-json\/wp\/v2\/product_brand?post=16117"},{"taxonomy":"product_cat","embeddable":true,"href":"https:\/\/linoexpress.com\/sk\/wp-json\/wp\/v2\/product_cat?post=16117"},{"taxonomy":"product_tag","embeddable":true,"href":"https:\/\/linoexpress.com\/sk\/wp-json\/wp\/v2\/product_tag?post=16117"}],"curies":[{"name":"wp","href":"https:\/\/api.w.org\/{rel}","templated":true}]}}