{"id":16155,"date":"2025-03-12T23:50:56","date_gmt":"2025-03-12T22:50:56","guid":{"rendered":"https:\/\/linoexpress.com\/sk\/?post_type=product&#038;p=16155"},"modified":"2025-04-28T10:21:12","modified_gmt":"2025-04-28T08:21:12","slug":"elektricke-a-manualne-auto-2-v-1","status":"publish","type":"product","link":"https:\/\/linoexpress.com\/sk\/produkt\/elektricke-a-manualne-auto-2-v-1\/","title":{"rendered":"Elektrick\u00e9 a manu\u00e1lne auto 2 v 1"},"content":{"rendered":"","protected":false},"excerpt":{"rendered":"<p>Toto inovat\u00edvne aut\u00ed\u010dko umo\u017e\u0148uje de\u0165om vybra\u0165 si medzi klasick\u00fdm manu\u00e1lnym ovl\u00e1dan\u00edm a elektrick\u00fdm re\u017eimom pre e\u0161te z\u00e1bavnej\u0161iu jazdu. Je ide\u00e1lny na hranie doma alebo vonku, poskytuje bezpe\u010dnos\u0165 a stabilitu. Modern\u00fd dizajn a jednoduch\u00e9 pou\u017eitie z neho robia ide\u00e1lnu vo\u013ebu pre najmen\u0161\u00edch.<\/p>\n","protected":false},"featured_media":16156,"comment_status":"closed","ping_status":"closed","template":"","meta":{"inline_featured_image":false},"product_brand":[],"product_cat":[15,35],"product_tag":[],"class_list":{"0":"post-16155","1":"product","2":"type-product","3":"status-publish","4":"has-post-thumbnail","6":"product_cat-uncategorized","7":"product_cat-fun","9":"first","10":"instock","11":"sale","12":"taxable","13":"shipping-taxable","14":"purchasable","15":"product-type-simple"},"acf":[],"_links":{"self":[{"href":"https:\/\/linoexpress.com\/sk\/wp-json\/wp\/v2\/product\/16155","targetHints":{"allow":["GET"]}}],"collection":[{"href":"https:\/\/linoexpress.com\/sk\/wp-json\/wp\/v2\/product"}],"about":[{"href":"https:\/\/linoexpress.com\/sk\/wp-json\/wp\/v2\/types\/product"}],"replies":[{"embeddable":true,"href":"https:\/\/linoexpress.com\/sk\/wp-json\/wp\/v2\/comments?post=16155"}],"wp:featuredmedia":[{"embeddable":true,"href":"https:\/\/linoexpress.com\/sk\/wp-json\/wp\/v2\/media\/16156"}],"wp:attachment":[{"href":"https:\/\/linoexpress.com\/sk\/wp-json\/wp\/v2\/media?parent=16155"}],"wp:term":[{"taxonomy":"product_brand","embeddable":true,"href":"https:\/\/linoexpress.com\/sk\/wp-json\/wp\/v2\/product_brand?post=16155"},{"taxonomy":"product_cat","embeddable":true,"href":"https:\/\/linoexpress.com\/sk\/wp-json\/wp\/v2\/product_cat?post=16155"},{"taxonomy":"product_tag","embeddable":true,"href":"https:\/\/linoexpress.com\/sk\/wp-json\/wp\/v2\/product_tag?post=16155"}],"curies":[{"name":"wp","href":"https:\/\/api.w.org\/{rel}","templated":true}]}}