{"id":16169,"date":"2025-03-13T02:41:21","date_gmt":"2025-03-13T01:41:21","guid":{"rendered":"https:\/\/linoexpress.com\/sk\/?post_type=product&#038;p=16169"},"modified":"2025-09-18T10:39:14","modified_gmt":"2025-09-18T08:39:14","slug":"paska-pre-individualny-trening-boxu","status":"publish","type":"product","link":"https:\/\/linoexpress.com\/sk\/produkt\/paska-pre-individualny-trening-boxu\/","title":{"rendered":"P\u00e1ska pre individu\u00e1lny tr\u00e9ning boxu"},"content":{"rendered":"","protected":false},"excerpt":{"rendered":"<p>Inovat\u00edvny odporov\u00fd p\u00e1s navrhnut\u00fd \u0161peci\u00e1lne pre boxerov. Pom\u00e1haj\u00fa v\u00e1m zlep\u0161i\u0165 pr\u00e1cu n\u00f4h, zv\u00fd\u0161i\u0165 \u00fadern\u00fa silu a chr\u00e1ni\u0165 sa pred zranen\u00edm. Perfektn\u00fd n\u00e1stroj pre ka\u017ed\u00fa \u00farove\u0148 boxera, od za\u010diato\u010dn\u00edkov a\u017e po profesion\u00e1lov.<\/p>\n","protected":false},"featured_media":16170,"comment_status":"closed","ping_status":"closed","template":"","meta":{"inline_featured_image":false},"product_brand":[],"product_cat":[15,35],"product_tag":[],"class_list":{"0":"post-16169","1":"product","2":"type-product","3":"status-publish","4":"has-post-thumbnail","6":"product_cat-uncategorized","7":"product_cat-fun","9":"first","10":"instock","11":"sale","12":"taxable","13":"shipping-taxable","14":"purchasable","15":"product-type-simple"},"acf":[],"_links":{"self":[{"href":"https:\/\/linoexpress.com\/sk\/wp-json\/wp\/v2\/product\/16169","targetHints":{"allow":["GET"]}}],"collection":[{"href":"https:\/\/linoexpress.com\/sk\/wp-json\/wp\/v2\/product"}],"about":[{"href":"https:\/\/linoexpress.com\/sk\/wp-json\/wp\/v2\/types\/product"}],"replies":[{"embeddable":true,"href":"https:\/\/linoexpress.com\/sk\/wp-json\/wp\/v2\/comments?post=16169"}],"wp:featuredmedia":[{"embeddable":true,"href":"https:\/\/linoexpress.com\/sk\/wp-json\/wp\/v2\/media\/16170"}],"wp:attachment":[{"href":"https:\/\/linoexpress.com\/sk\/wp-json\/wp\/v2\/media?parent=16169"}],"wp:term":[{"taxonomy":"product_brand","embeddable":true,"href":"https:\/\/linoexpress.com\/sk\/wp-json\/wp\/v2\/product_brand?post=16169"},{"taxonomy":"product_cat","embeddable":true,"href":"https:\/\/linoexpress.com\/sk\/wp-json\/wp\/v2\/product_cat?post=16169"},{"taxonomy":"product_tag","embeddable":true,"href":"https:\/\/linoexpress.com\/sk\/wp-json\/wp\/v2\/product_tag?post=16169"}],"curies":[{"name":"wp","href":"https:\/\/api.w.org\/{rel}","templated":true}]}}