{"id":16195,"date":"2025-03-14T11:44:48","date_gmt":"2025-03-14T10:44:48","guid":{"rendered":"https:\/\/linoexpress.com\/sk\/?post_type=product&#038;p=16195"},"modified":"2025-03-30T14:43:03","modified_gmt":"2025-03-30T12:43:03","slug":"kegelove-cviky","status":"publish","type":"product","link":"https:\/\/linoexpress.com\/sk\/produkt\/kegelove-cviky\/","title":{"rendered":"Kegelove cviky"},"content":{"rendered":"","protected":false},"excerpt":{"rendered":"<p>Z\u00edskajte v\u00e4\u010d\u0161iu kontrolu a vytrvalos\u0165 pomocou Kegelov\u00fdch cvi\u010den\u00ed, ktor\u00e9 posil\u0148uj\u00fa svaly panvov\u00e9ho dna. T\u00e1to jednoduch\u00e1, pr\u00edrodn\u00e1 a overen\u00e1 met\u00f3da zlep\u0161uje fyzick\u00fa kond\u00edciu, trvanie a celkov\u00fa pohodu bez pou\u017eitia liekov. Je ide\u00e1lny pre mu\u017eov a \u017eeny a je prenosn\u00fd a \u013eahko pou\u017eite\u013en\u00fd kdeko\u013evek.<\/p>\n","protected":false},"featured_media":16196,"comment_status":"closed","ping_status":"closed","template":"","meta":{"inline_featured_image":false},"product_brand":[],"product_cat":[15,35],"product_tag":[],"class_list":{"0":"post-16195","1":"product","2":"type-product","3":"status-publish","4":"has-post-thumbnail","6":"product_cat-uncategorized","7":"product_cat-fun","9":"first","10":"instock","11":"sale","12":"taxable","13":"shipping-taxable","14":"purchasable","15":"product-type-simple"},"acf":[],"_links":{"self":[{"href":"https:\/\/linoexpress.com\/sk\/wp-json\/wp\/v2\/product\/16195","targetHints":{"allow":["GET"]}}],"collection":[{"href":"https:\/\/linoexpress.com\/sk\/wp-json\/wp\/v2\/product"}],"about":[{"href":"https:\/\/linoexpress.com\/sk\/wp-json\/wp\/v2\/types\/product"}],"replies":[{"embeddable":true,"href":"https:\/\/linoexpress.com\/sk\/wp-json\/wp\/v2\/comments?post=16195"}],"wp:featuredmedia":[{"embeddable":true,"href":"https:\/\/linoexpress.com\/sk\/wp-json\/wp\/v2\/media\/16196"}],"wp:attachment":[{"href":"https:\/\/linoexpress.com\/sk\/wp-json\/wp\/v2\/media?parent=16195"}],"wp:term":[{"taxonomy":"product_brand","embeddable":true,"href":"https:\/\/linoexpress.com\/sk\/wp-json\/wp\/v2\/product_brand?post=16195"},{"taxonomy":"product_cat","embeddable":true,"href":"https:\/\/linoexpress.com\/sk\/wp-json\/wp\/v2\/product_cat?post=16195"},{"taxonomy":"product_tag","embeddable":true,"href":"https:\/\/linoexpress.com\/sk\/wp-json\/wp\/v2\/product_tag?post=16195"}],"curies":[{"name":"wp","href":"https:\/\/api.w.org\/{rel}","templated":true}]}}