{"id":16213,"date":"2025-03-15T12:02:59","date_gmt":"2025-03-15T11:02:59","guid":{"rendered":"https:\/\/linoexpress.com\/sk\/?post_type=product&#038;p=16213"},"modified":"2025-04-28T13:33:44","modified_gmt":"2025-04-28T11:33:44","slug":"interaktivna-vtacia-hracka-pre-macky","status":"publish","type":"product","link":"https:\/\/linoexpress.com\/sk\/produkt\/interaktivna-vtacia-hracka-pre-macky\/","title":{"rendered":"Interakt\u00edvna vt\u00e1\u010dia hra\u010dka pre ma\u010dky"},"content":{"rendered":"","protected":false},"excerpt":{"rendered":"<p>Tento ply\u0161ov\u00fd vt\u00e1\u010dik poskytuje va\u0161ej ma\u010dke hodiny z\u00e1bavy v\u010faka svojim realistick\u00fdm zvukom a pohybom. V\u010faka per\u00e1m a m\u00e4kk\u00e9mu materi\u00e1lu je ide\u00e1lna na okusovanie, chytanie a hranie. Stimuluje prirodzen\u00e9 in\u0161tinkty ma\u010dky, povzbudzuje aktivitu a du\u0161evn\u00fa stimul\u00e1ciu.<\/p>\n","protected":false},"featured_media":16216,"comment_status":"closed","ping_status":"closed","template":"","meta":{"inline_featured_image":false},"product_brand":[],"product_cat":[15,35],"product_tag":[],"class_list":{"0":"post-16213","1":"product","2":"type-product","3":"status-publish","4":"has-post-thumbnail","6":"product_cat-uncategorized","7":"product_cat-fun","9":"first","10":"instock","11":"sale","12":"taxable","13":"shipping-taxable","14":"purchasable","15":"product-type-simple"},"acf":[],"_links":{"self":[{"href":"https:\/\/linoexpress.com\/sk\/wp-json\/wp\/v2\/product\/16213","targetHints":{"allow":["GET"]}}],"collection":[{"href":"https:\/\/linoexpress.com\/sk\/wp-json\/wp\/v2\/product"}],"about":[{"href":"https:\/\/linoexpress.com\/sk\/wp-json\/wp\/v2\/types\/product"}],"replies":[{"embeddable":true,"href":"https:\/\/linoexpress.com\/sk\/wp-json\/wp\/v2\/comments?post=16213"}],"wp:featuredmedia":[{"embeddable":true,"href":"https:\/\/linoexpress.com\/sk\/wp-json\/wp\/v2\/media\/16216"}],"wp:attachment":[{"href":"https:\/\/linoexpress.com\/sk\/wp-json\/wp\/v2\/media?parent=16213"}],"wp:term":[{"taxonomy":"product_brand","embeddable":true,"href":"https:\/\/linoexpress.com\/sk\/wp-json\/wp\/v2\/product_brand?post=16213"},{"taxonomy":"product_cat","embeddable":true,"href":"https:\/\/linoexpress.com\/sk\/wp-json\/wp\/v2\/product_cat?post=16213"},{"taxonomy":"product_tag","embeddable":true,"href":"https:\/\/linoexpress.com\/sk\/wp-json\/wp\/v2\/product_tag?post=16213"}],"curies":[{"name":"wp","href":"https:\/\/api.w.org\/{rel}","templated":true}]}}