{"id":16306,"date":"2025-03-31T14:23:50","date_gmt":"2025-03-31T12:23:50","guid":{"rendered":"https:\/\/linoexpress.com\/sk\/?post_type=product&#038;p=16306"},"modified":"2025-09-18T10:39:25","modified_gmt":"2025-09-18T08:39:25","slug":"individualna-boxerska-treningova-paska","status":"publish","type":"product","link":"https:\/\/linoexpress.com\/sk\/produkt\/individualna-boxerska-treningova-paska\/","title":{"rendered":"Individu\u00e1lna boxersk\u00e1 tr\u00e9ningov\u00e1 p\u00e1ska"},"content":{"rendered":"","protected":false},"excerpt":{"rendered":"<p>Inovat\u00edvny boxersk\u00fd tr\u00e9ningov\u00fd popruh, ktor\u00fd zlep\u0161uje r\u00fdchlos\u0165, silu a obratnos\u0165. Pom\u00e1ha posil\u0148ova\u0165 k\u013e\u00fa\u010dov\u00e9 svaly a zais\u0165uje v\u00fdbu\u0161n\u00fd pohyb bez potreby z\u00e1va\u017eia.<\/p>\n","protected":false},"featured_media":16170,"comment_status":"closed","ping_status":"closed","template":"","meta":{"inline_featured_image":false},"product_brand":[],"product_cat":[28,15,26],"product_tag":[],"class_list":{"0":"post-16306","1":"product","2":"type-product","3":"status-publish","4":"has-post-thumbnail","6":"product_cat-beauty","7":"product_cat-uncategorized","8":"product_cat-health","10":"first","11":"instock","12":"sale","13":"taxable","14":"shipping-taxable","15":"purchasable","16":"product-type-simple"},"acf":[],"_links":{"self":[{"href":"https:\/\/linoexpress.com\/sk\/wp-json\/wp\/v2\/product\/16306","targetHints":{"allow":["GET"]}}],"collection":[{"href":"https:\/\/linoexpress.com\/sk\/wp-json\/wp\/v2\/product"}],"about":[{"href":"https:\/\/linoexpress.com\/sk\/wp-json\/wp\/v2\/types\/product"}],"replies":[{"embeddable":true,"href":"https:\/\/linoexpress.com\/sk\/wp-json\/wp\/v2\/comments?post=16306"}],"wp:featuredmedia":[{"embeddable":true,"href":"https:\/\/linoexpress.com\/sk\/wp-json\/wp\/v2\/media\/16170"}],"wp:attachment":[{"href":"https:\/\/linoexpress.com\/sk\/wp-json\/wp\/v2\/media?parent=16306"}],"wp:term":[{"taxonomy":"product_brand","embeddable":true,"href":"https:\/\/linoexpress.com\/sk\/wp-json\/wp\/v2\/product_brand?post=16306"},{"taxonomy":"product_cat","embeddable":true,"href":"https:\/\/linoexpress.com\/sk\/wp-json\/wp\/v2\/product_cat?post=16306"},{"taxonomy":"product_tag","embeddable":true,"href":"https:\/\/linoexpress.com\/sk\/wp-json\/wp\/v2\/product_tag?post=16306"}],"curies":[{"name":"wp","href":"https:\/\/api.w.org\/{rel}","templated":true}]}}