{"id":16340,"date":"2025-04-04T00:01:11","date_gmt":"2025-04-03T22:01:11","guid":{"rendered":"https:\/\/linoexpress.com\/sk\/?post_type=product&#038;p=16340"},"modified":"2025-09-18T10:30:42","modified_gmt":"2025-09-18T08:30:42","slug":"polohovac-pre-instalaciu-dveri-2","status":"publish","type":"product","link":"https:\/\/linoexpress.com\/sk\/produkt\/polohovac-pre-instalaciu-dveri-2\/","title":{"rendered":"Polohova\u010d pre in\u0161tal\u00e1ciu dver\u00ed"},"content":{"rendered":"","protected":false},"excerpt":{"rendered":"<p>Presn\u00fd a jednoduch\u00fd n\u00e1stroj na in\u0161tal\u00e1ciu dvierok skriniek. Umo\u017e\u0148uje r\u00fdchle vyrovnanie a bezpe\u010dn\u00fa mont\u00e1\u017e bez \u010fal\u0161ej pomoci. Vyroben\u00e9 z odolnej hlin\u00edkovej zliatiny pre dlhodob\u00e9 pou\u017e\u00edvanie.<\/p>\n","protected":false},"featured_media":16100,"comment_status":"closed","ping_status":"closed","template":"","meta":{"inline_featured_image":false},"product_brand":[],"product_cat":[27,15],"product_tag":[],"class_list":{"0":"post-16340","1":"product","2":"type-product","3":"status-publish","4":"has-post-thumbnail","6":"product_cat-home","7":"product_cat-uncategorized","9":"first","10":"instock","11":"sale","12":"taxable","13":"shipping-taxable","14":"purchasable","15":"product-type-simple"},"acf":[],"_links":{"self":[{"href":"https:\/\/linoexpress.com\/sk\/wp-json\/wp\/v2\/product\/16340","targetHints":{"allow":["GET"]}}],"collection":[{"href":"https:\/\/linoexpress.com\/sk\/wp-json\/wp\/v2\/product"}],"about":[{"href":"https:\/\/linoexpress.com\/sk\/wp-json\/wp\/v2\/types\/product"}],"replies":[{"embeddable":true,"href":"https:\/\/linoexpress.com\/sk\/wp-json\/wp\/v2\/comments?post=16340"}],"wp:featuredmedia":[{"embeddable":true,"href":"https:\/\/linoexpress.com\/sk\/wp-json\/wp\/v2\/media\/16100"}],"wp:attachment":[{"href":"https:\/\/linoexpress.com\/sk\/wp-json\/wp\/v2\/media?parent=16340"}],"wp:term":[{"taxonomy":"product_brand","embeddable":true,"href":"https:\/\/linoexpress.com\/sk\/wp-json\/wp\/v2\/product_brand?post=16340"},{"taxonomy":"product_cat","embeddable":true,"href":"https:\/\/linoexpress.com\/sk\/wp-json\/wp\/v2\/product_cat?post=16340"},{"taxonomy":"product_tag","embeddable":true,"href":"https:\/\/linoexpress.com\/sk\/wp-json\/wp\/v2\/product_tag?post=16340"}],"curies":[{"name":"wp","href":"https:\/\/api.w.org\/{rel}","templated":true}]}}