{"id":16354,"date":"2025-04-04T14:35:00","date_gmt":"2025-04-04T12:35:00","guid":{"rendered":"https:\/\/linoexpress.com\/sk\/?post_type=product&#038;p=16354"},"modified":"2025-09-18T10:03:33","modified_gmt":"2025-09-18T08:03:33","slug":"skutocne-masky-na-tvar","status":"publish","type":"product","link":"https:\/\/linoexpress.com\/sk\/produkt\/skutocne-masky-na-tvar\/","title":{"rendered":"Skuto\u010dn\u00e9 masky na tv\u00e1r"},"content":{"rendered":"","protected":false},"excerpt":{"rendered":"<p>V okamihu sa preme\u0148te na niekoho in\u00e9ho!<br \/>\nVysoko kvalitn\u00e9 realistick\u00e9 masky vyroben\u00e9 z pr\u00edrodn\u00e9ho latexu. Ide\u00e1lne na Halloween, ma\u0161karn\u00e9 plesy, tematick\u00e9 ve\u010dierky alebo nezabudnute\u013en\u00e9 \u017earty s priate\u013emi.<\/p>\n","protected":false},"featured_media":16362,"comment_status":"closed","ping_status":"closed","template":"","meta":{"inline_featured_image":false},"product_brand":[],"product_cat":[27,15],"product_tag":[],"class_list":{"0":"post-16354","1":"product","2":"type-product","3":"status-publish","4":"has-post-thumbnail","6":"product_cat-home","7":"product_cat-uncategorized","9":"first","10":"instock","11":"sale","12":"taxable","13":"shipping-taxable","14":"purchasable","15":"product-type-simple"},"acf":[],"_links":{"self":[{"href":"https:\/\/linoexpress.com\/sk\/wp-json\/wp\/v2\/product\/16354","targetHints":{"allow":["GET"]}}],"collection":[{"href":"https:\/\/linoexpress.com\/sk\/wp-json\/wp\/v2\/product"}],"about":[{"href":"https:\/\/linoexpress.com\/sk\/wp-json\/wp\/v2\/types\/product"}],"replies":[{"embeddable":true,"href":"https:\/\/linoexpress.com\/sk\/wp-json\/wp\/v2\/comments?post=16354"}],"wp:featuredmedia":[{"embeddable":true,"href":"https:\/\/linoexpress.com\/sk\/wp-json\/wp\/v2\/media\/16362"}],"wp:attachment":[{"href":"https:\/\/linoexpress.com\/sk\/wp-json\/wp\/v2\/media?parent=16354"}],"wp:term":[{"taxonomy":"product_brand","embeddable":true,"href":"https:\/\/linoexpress.com\/sk\/wp-json\/wp\/v2\/product_brand?post=16354"},{"taxonomy":"product_cat","embeddable":true,"href":"https:\/\/linoexpress.com\/sk\/wp-json\/wp\/v2\/product_cat?post=16354"},{"taxonomy":"product_tag","embeddable":true,"href":"https:\/\/linoexpress.com\/sk\/wp-json\/wp\/v2\/product_tag?post=16354"}],"curies":[{"name":"wp","href":"https:\/\/api.w.org\/{rel}","templated":true}]}}