{"id":16398,"date":"2025-04-09T09:21:41","date_gmt":"2025-04-09T07:21:41","guid":{"rendered":"https:\/\/linoexpress.com\/sk\/?post_type=product&#038;p=16398"},"modified":"2025-09-18T10:03:24","modified_gmt":"2025-09-18T08:03:24","slug":"elektricke-a-manualne-auto-2-v-1-2","status":"publish","type":"product","link":"https:\/\/linoexpress.com\/sk\/produkt\/elektricke-a-manualne-auto-2-v-1-2\/","title":{"rendered":"Elektrick\u00e9 a manu\u00e1lne auto 2 v 1"},"content":{"rendered":"","protected":false},"excerpt":{"rendered":"<p>Toto inovat\u00edvne aut\u00ed\u010dko poskytuje de\u0165om dvojn\u00e1sobn\u00fa z\u00e1bavu a flexibilitu. M\u00f4\u017eem ho pou\u017e\u00edva\u0165 manu\u00e1lne ot\u00e1\u010dan\u00edm volantu alebo aktivova\u0165 elektrick\u00fd pohon pre e\u0161te pohodlnej\u0161iu jazdu. Je ide\u00e1lny pre vn\u00fatorn\u00e9 i vonkaj\u0161ie hry, s bezpe\u010dn\u00fdm a stabiln\u00fdm dizajnom, ktor\u00fd zais\u0165uje bezstarostn\u00fa hru.<\/p>\n","protected":false},"featured_media":16401,"comment_status":"closed","ping_status":"closed","template":"","meta":{"inline_featured_image":false},"product_brand":[],"product_cat":[27,15],"product_tag":[],"class_list":{"0":"post-16398","1":"product","2":"type-product","3":"status-publish","4":"has-post-thumbnail","6":"product_cat-home","7":"product_cat-uncategorized","9":"first","10":"instock","11":"sale","12":"taxable","13":"shipping-taxable","14":"purchasable","15":"product-type-simple"},"acf":[],"_links":{"self":[{"href":"https:\/\/linoexpress.com\/sk\/wp-json\/wp\/v2\/product\/16398","targetHints":{"allow":["GET"]}}],"collection":[{"href":"https:\/\/linoexpress.com\/sk\/wp-json\/wp\/v2\/product"}],"about":[{"href":"https:\/\/linoexpress.com\/sk\/wp-json\/wp\/v2\/types\/product"}],"replies":[{"embeddable":true,"href":"https:\/\/linoexpress.com\/sk\/wp-json\/wp\/v2\/comments?post=16398"}],"wp:featuredmedia":[{"embeddable":true,"href":"https:\/\/linoexpress.com\/sk\/wp-json\/wp\/v2\/media\/16401"}],"wp:attachment":[{"href":"https:\/\/linoexpress.com\/sk\/wp-json\/wp\/v2\/media?parent=16398"}],"wp:term":[{"taxonomy":"product_brand","embeddable":true,"href":"https:\/\/linoexpress.com\/sk\/wp-json\/wp\/v2\/product_brand?post=16398"},{"taxonomy":"product_cat","embeddable":true,"href":"https:\/\/linoexpress.com\/sk\/wp-json\/wp\/v2\/product_cat?post=16398"},{"taxonomy":"product_tag","embeddable":true,"href":"https:\/\/linoexpress.com\/sk\/wp-json\/wp\/v2\/product_tag?post=16398"}],"curies":[{"name":"wp","href":"https:\/\/api.w.org\/{rel}","templated":true}]}}