{"id":16636,"date":"2025-06-20T00:02:16","date_gmt":"2025-06-19T22:02:16","guid":{"rendered":"https:\/\/linoexpress.com\/sk\/?post_type=product&#038;p=16636"},"modified":"2025-06-20T01:42:29","modified_gmt":"2025-06-19T23:42:29","slug":"turbo-vzduchovy-fukar","status":"publish","type":"product","link":"https:\/\/linoexpress.com\/sk\/produkt\/turbo-vzduchovy-fukar\/","title":{"rendered":"Turbo vzduchov\u00fd fuk\u00e1r"},"content":{"rendered":"","protected":false},"excerpt":{"rendered":"<p>Bezdr\u00f4tov\u00fd turbo fuk\u00e1r je v\u00fdkonn\u00fd multifunk\u010dn\u00fd n\u00e1stroj na \u010distenie, su\u0161enie a nafukovanie. Ide\u00e1lny na auto, elektroniku, dom\u00e1cnos\u0165 aj vonkaj\u0161ie pou\u017eitie. Kompaktn\u00fd, ale mimoriadne siln\u00fd \u2013 zjednodu\u0161uje ka\u017edodenn\u00e9 \u00falohy.<\/p>\n","protected":false},"featured_media":16648,"comment_status":"closed","ping_status":"closed","template":"","meta":{"inline_featured_image":false},"product_brand":[],"product_cat":[27,15],"product_tag":[],"class_list":{"0":"post-16636","1":"product","2":"type-product","3":"status-publish","4":"has-post-thumbnail","6":"product_cat-home","7":"product_cat-uncategorized","9":"first","10":"instock","11":"sale","12":"taxable","13":"shipping-taxable","14":"purchasable","15":"product-type-simple"},"acf":[],"_links":{"self":[{"href":"https:\/\/linoexpress.com\/sk\/wp-json\/wp\/v2\/product\/16636","targetHints":{"allow":["GET"]}}],"collection":[{"href":"https:\/\/linoexpress.com\/sk\/wp-json\/wp\/v2\/product"}],"about":[{"href":"https:\/\/linoexpress.com\/sk\/wp-json\/wp\/v2\/types\/product"}],"replies":[{"embeddable":true,"href":"https:\/\/linoexpress.com\/sk\/wp-json\/wp\/v2\/comments?post=16636"}],"wp:featuredmedia":[{"embeddable":true,"href":"https:\/\/linoexpress.com\/sk\/wp-json\/wp\/v2\/media\/16648"}],"wp:attachment":[{"href":"https:\/\/linoexpress.com\/sk\/wp-json\/wp\/v2\/media?parent=16636"}],"wp:term":[{"taxonomy":"product_brand","embeddable":true,"href":"https:\/\/linoexpress.com\/sk\/wp-json\/wp\/v2\/product_brand?post=16636"},{"taxonomy":"product_cat","embeddable":true,"href":"https:\/\/linoexpress.com\/sk\/wp-json\/wp\/v2\/product_cat?post=16636"},{"taxonomy":"product_tag","embeddable":true,"href":"https:\/\/linoexpress.com\/sk\/wp-json\/wp\/v2\/product_tag?post=16636"}],"curies":[{"name":"wp","href":"https:\/\/api.w.org\/{rel}","templated":true}]}}