{"id":16665,"date":"2025-06-25T01:04:20","date_gmt":"2025-06-24T23:04:20","guid":{"rendered":"https:\/\/linoexpress.com\/sk\/?post_type=product&#038;p=16665"},"modified":"2025-06-25T17:43:57","modified_gmt":"2025-06-25T15:43:57","slug":"akrylove-nastenne-zrkadlo","status":"publish","type":"product","link":"https:\/\/linoexpress.com\/sk\/produkt\/akrylove-nastenne-zrkadlo\/","title":{"rendered":"Akrylov\u00e9 n\u00e1stenn\u00e9 zrkadlo"},"content":{"rendered":"","protected":false},"excerpt":{"rendered":"<p data-start=\"244\" data-end=\"492\">Bezpe\u010dn\u00e9, praktick\u00e9 a mimoriadne odoln\u00e9 \u2013 akrylov\u00e9 zrkadlo je ide\u00e1lnou vo\u013ebou do ka\u017edej dom\u00e1cnosti. Nerozbije sa ako sklo a jednoducho sa montuje bez n\u00e1radia. Skvel\u00e9 rie\u0161enie na optick\u00e9 zv\u00e4\u010d\u0161enie priestoru a ka\u017edodenn\u00e9 pou\u017e\u00edvanie.<\/p>\n<p data-start=\"494\" data-end=\"548\">\n","protected":false},"featured_media":16672,"comment_status":"closed","ping_status":"closed","template":"","meta":{"inline_featured_image":false},"product_brand":[],"product_cat":[27,15],"product_tag":[],"class_list":{"0":"post-16665","1":"product","2":"type-product","3":"status-publish","4":"has-post-thumbnail","6":"product_cat-home","7":"product_cat-uncategorized","9":"first","10":"instock","11":"sale","12":"taxable","13":"shipping-taxable","14":"purchasable","15":"product-type-simple"},"acf":[],"_links":{"self":[{"href":"https:\/\/linoexpress.com\/sk\/wp-json\/wp\/v2\/product\/16665","targetHints":{"allow":["GET"]}}],"collection":[{"href":"https:\/\/linoexpress.com\/sk\/wp-json\/wp\/v2\/product"}],"about":[{"href":"https:\/\/linoexpress.com\/sk\/wp-json\/wp\/v2\/types\/product"}],"replies":[{"embeddable":true,"href":"https:\/\/linoexpress.com\/sk\/wp-json\/wp\/v2\/comments?post=16665"}],"wp:featuredmedia":[{"embeddable":true,"href":"https:\/\/linoexpress.com\/sk\/wp-json\/wp\/v2\/media\/16672"}],"wp:attachment":[{"href":"https:\/\/linoexpress.com\/sk\/wp-json\/wp\/v2\/media?parent=16665"}],"wp:term":[{"taxonomy":"product_brand","embeddable":true,"href":"https:\/\/linoexpress.com\/sk\/wp-json\/wp\/v2\/product_brand?post=16665"},{"taxonomy":"product_cat","embeddable":true,"href":"https:\/\/linoexpress.com\/sk\/wp-json\/wp\/v2\/product_cat?post=16665"},{"taxonomy":"product_tag","embeddable":true,"href":"https:\/\/linoexpress.com\/sk\/wp-json\/wp\/v2\/product_tag?post=16665"}],"curies":[{"name":"wp","href":"https:\/\/api.w.org\/{rel}","templated":true}]}}