{"id":16687,"date":"2025-06-25T19:29:50","date_gmt":"2025-06-25T17:29:50","guid":{"rendered":"https:\/\/linoexpress.com\/sk\/?post_type=product&#038;p=16687"},"modified":"2025-06-26T11:22:10","modified_gmt":"2025-06-26T09:22:10","slug":"luxusna-garaz-pre-zberatelske-modely-aut","status":"publish","type":"product","link":"https:\/\/linoexpress.com\/sk\/produkt\/luxusna-garaz-pre-zberatelske-modely-aut\/","title":{"rendered":"Luxusn\u00e1 gar\u00e1\u017e pre zberate\u013esk\u00e9 modely \u00e1ut"},"content":{"rendered":"","protected":false},"excerpt":{"rendered":"<p data-start=\"2803\" data-end=\"3157\">T\u00e1to luxusn\u00e1 mini gar\u00e1\u017e predstavuje ide\u00e1lne rie\u0161enie pre vystavenie va\u0161ich zberate\u013esk\u00fdch modelov automobilov. So \u0161t\u00fdlov\u00fdm LED osvetlen\u00edm a modern\u00fdm dizajnom pon\u00faka elegantn\u00fd priestor pre jeden model. M\u00f4\u017eete si objedna\u0165 viac gar\u00e1\u017e\u00ed a vytvori\u0165 tak v\u00e4\u010d\u0161iu zbierku. Je vyroben\u00e1 z vysokokvalitn\u00fdch materi\u00e1lov, \u010do zaru\u010duje odolnos\u0165 a bezpe\u010dnos\u0165 va\u0161ej kolekcie.<\/p>\n","protected":false},"featured_media":16693,"comment_status":"closed","ping_status":"closed","template":"","meta":{"inline_featured_image":false},"product_brand":[],"product_cat":[27,15],"product_tag":[],"class_list":{"0":"post-16687","1":"product","2":"type-product","3":"status-publish","4":"has-post-thumbnail","6":"product_cat-home","7":"product_cat-uncategorized","9":"first","10":"instock","11":"sale","12":"taxable","13":"shipping-taxable","14":"purchasable","15":"product-type-simple"},"acf":[],"_links":{"self":[{"href":"https:\/\/linoexpress.com\/sk\/wp-json\/wp\/v2\/product\/16687","targetHints":{"allow":["GET"]}}],"collection":[{"href":"https:\/\/linoexpress.com\/sk\/wp-json\/wp\/v2\/product"}],"about":[{"href":"https:\/\/linoexpress.com\/sk\/wp-json\/wp\/v2\/types\/product"}],"replies":[{"embeddable":true,"href":"https:\/\/linoexpress.com\/sk\/wp-json\/wp\/v2\/comments?post=16687"}],"wp:featuredmedia":[{"embeddable":true,"href":"https:\/\/linoexpress.com\/sk\/wp-json\/wp\/v2\/media\/16693"}],"wp:attachment":[{"href":"https:\/\/linoexpress.com\/sk\/wp-json\/wp\/v2\/media?parent=16687"}],"wp:term":[{"taxonomy":"product_brand","embeddable":true,"href":"https:\/\/linoexpress.com\/sk\/wp-json\/wp\/v2\/product_brand?post=16687"},{"taxonomy":"product_cat","embeddable":true,"href":"https:\/\/linoexpress.com\/sk\/wp-json\/wp\/v2\/product_cat?post=16687"},{"taxonomy":"product_tag","embeddable":true,"href":"https:\/\/linoexpress.com\/sk\/wp-json\/wp\/v2\/product_tag?post=16687"}],"curies":[{"name":"wp","href":"https:\/\/api.w.org\/{rel}","templated":true}]}}