{"id":16706,"date":"2025-06-26T01:10:52","date_gmt":"2025-06-25T23:10:52","guid":{"rendered":"https:\/\/linoexpress.com\/sk\/?post_type=product&#038;p=16706"},"modified":"2025-06-26T03:05:51","modified_gmt":"2025-06-26T01:05:51","slug":"prenosna-spa-vana","status":"publish","type":"product","link":"https:\/\/linoexpress.com\/sk\/produkt\/prenosna-spa-vana\/","title":{"rendered":"Prenosn\u00e1 spa va\u0148a"},"content":{"rendered":"","protected":false},"excerpt":{"rendered":"<p>Prenosn\u00e1 mini va\u0148a je ide\u00e1lne rie\u0161enie pre relax\u00e1ciu v ka\u017edom priestore \u2013 doma, na cest\u00e1ch alebo dokonca vonku. V\u010faka skladaciemu dizajnu zaber\u00e1 minim\u00e1lny priestor a \u013eahko sa pren\u00e1\u0161a. Vyroben\u00e1 z bezpe\u010dn\u00fdch, pohodln\u00fdch a tepelnoizola\u010dn\u00fdch materi\u00e1lov, poskytuje \u00fapln\u00fd spa z\u00e1\u017eitok.<\/p>\n","protected":false},"featured_media":16719,"comment_status":"closed","ping_status":"closed","template":"","meta":{"inline_featured_image":false},"product_brand":[],"product_cat":[27,15],"product_tag":[],"class_list":{"0":"post-16706","1":"product","2":"type-product","3":"status-publish","4":"has-post-thumbnail","6":"product_cat-home","7":"product_cat-uncategorized","9":"first","10":"instock","11":"sale","12":"taxable","13":"shipping-taxable","14":"purchasable","15":"product-type-simple"},"acf":[],"_links":{"self":[{"href":"https:\/\/linoexpress.com\/sk\/wp-json\/wp\/v2\/product\/16706","targetHints":{"allow":["GET"]}}],"collection":[{"href":"https:\/\/linoexpress.com\/sk\/wp-json\/wp\/v2\/product"}],"about":[{"href":"https:\/\/linoexpress.com\/sk\/wp-json\/wp\/v2\/types\/product"}],"replies":[{"embeddable":true,"href":"https:\/\/linoexpress.com\/sk\/wp-json\/wp\/v2\/comments?post=16706"}],"wp:featuredmedia":[{"embeddable":true,"href":"https:\/\/linoexpress.com\/sk\/wp-json\/wp\/v2\/media\/16719"}],"wp:attachment":[{"href":"https:\/\/linoexpress.com\/sk\/wp-json\/wp\/v2\/media?parent=16706"}],"wp:term":[{"taxonomy":"product_brand","embeddable":true,"href":"https:\/\/linoexpress.com\/sk\/wp-json\/wp\/v2\/product_brand?post=16706"},{"taxonomy":"product_cat","embeddable":true,"href":"https:\/\/linoexpress.com\/sk\/wp-json\/wp\/v2\/product_cat?post=16706"},{"taxonomy":"product_tag","embeddable":true,"href":"https:\/\/linoexpress.com\/sk\/wp-json\/wp\/v2\/product_tag?post=16706"}],"curies":[{"name":"wp","href":"https:\/\/api.w.org\/{rel}","templated":true}]}}