{"id":16734,"date":"2025-06-27T15:17:48","date_gmt":"2025-06-27T13:17:48","guid":{"rendered":"https:\/\/linoexpress.com\/sk\/?post_type=product&#038;p=16734"},"modified":"2025-06-28T00:11:21","modified_gmt":"2025-06-27T22:11:21","slug":"automaticka-uv-markiza","status":"publish","type":"product","link":"https:\/\/linoexpress.com\/sk\/produkt\/automaticka-uv-markiza\/","title":{"rendered":"Automatick\u00e1 UV mark\u00edza"},"content":{"rendered":"","protected":false},"excerpt":{"rendered":"<p>Chr\u00e1\u0148te interi\u00e9r svojho auta pred slnkom a teplom pomocou automatickej skladacej mark\u00edzy na \u010deln\u00e9 sklo. R\u00fdchlo sa montuje a zas\u00fava jedn\u00fdm \u0165ahom, nenaru\u0161uje vzh\u013ead auta a \u0161etr\u00ed energiu.<\/p>\n","protected":false},"featured_media":16744,"comment_status":"closed","ping_status":"closed","template":"","meta":{"inline_featured_image":false},"product_brand":[],"product_cat":[25,15],"product_tag":[],"class_list":{"0":"post-16734","1":"product","2":"type-product","3":"status-publish","4":"has-post-thumbnail","6":"product_cat-car","7":"product_cat-uncategorized","9":"first","10":"instock","11":"sale","12":"taxable","13":"shipping-taxable","14":"purchasable","15":"product-type-simple"},"acf":[],"_links":{"self":[{"href":"https:\/\/linoexpress.com\/sk\/wp-json\/wp\/v2\/product\/16734","targetHints":{"allow":["GET"]}}],"collection":[{"href":"https:\/\/linoexpress.com\/sk\/wp-json\/wp\/v2\/product"}],"about":[{"href":"https:\/\/linoexpress.com\/sk\/wp-json\/wp\/v2\/types\/product"}],"replies":[{"embeddable":true,"href":"https:\/\/linoexpress.com\/sk\/wp-json\/wp\/v2\/comments?post=16734"}],"wp:featuredmedia":[{"embeddable":true,"href":"https:\/\/linoexpress.com\/sk\/wp-json\/wp\/v2\/media\/16744"}],"wp:attachment":[{"href":"https:\/\/linoexpress.com\/sk\/wp-json\/wp\/v2\/media?parent=16734"}],"wp:term":[{"taxonomy":"product_brand","embeddable":true,"href":"https:\/\/linoexpress.com\/sk\/wp-json\/wp\/v2\/product_brand?post=16734"},{"taxonomy":"product_cat","embeddable":true,"href":"https:\/\/linoexpress.com\/sk\/wp-json\/wp\/v2\/product_cat?post=16734"},{"taxonomy":"product_tag","embeddable":true,"href":"https:\/\/linoexpress.com\/sk\/wp-json\/wp\/v2\/product_tag?post=16734"}],"curies":[{"name":"wp","href":"https:\/\/api.w.org\/{rel}","templated":true}]}}