{"id":1695,"date":"2021-03-10T20:00:10","date_gmt":"2021-03-10T19:00:10","guid":{"rendered":"https:\/\/shopium.eu\/sk\/?post_type=product&#038;p=1695"},"modified":"2021-10-06T14:37:04","modified_gmt":"2021-10-06T12:37:04","slug":"vysokotlakovy-vodny-postrekovac-jetgun","status":"publish","type":"product","link":"https:\/\/linoexpress.com\/sk\/produkt\/vysokotlakovy-vodny-postrekovac-jetgun\/","title":{"rendered":"Vysokotlakov\u00fd vodn\u00fd postrekova\u010d &#8211; JetGun"},"content":{"rendered":"","protected":false},"excerpt":{"rendered":"<p><span style=\"font-weight: 400\">U\u017e sa viac nemus\u00edte tr\u00e1pi\u0165 s upratovan\u00edm dom\u00e1cnosti alebo um\u00fdvan\u00edm auta! S t\u00fdmto produktom to v\u0161etko zdol\u00e1te r\u00fdchlo a bez n\u00e1mahy.<\/span><\/p>\n","protected":false},"featured_media":1701,"comment_status":"closed","ping_status":"closed","template":"","meta":{"inline_featured_image":false},"product_brand":[],"product_cat":[25,27,15],"product_tag":[],"class_list":{"0":"post-1695","1":"product","2":"type-product","3":"status-publish","4":"has-post-thumbnail","6":"product_cat-car","7":"product_cat-home","8":"product_cat-uncategorized","10":"first","11":"instock","12":"sale","13":"taxable","14":"shipping-taxable","15":"purchasable","16":"product-type-simple"},"acf":[],"_links":{"self":[{"href":"https:\/\/linoexpress.com\/sk\/wp-json\/wp\/v2\/product\/1695","targetHints":{"allow":["GET"]}}],"collection":[{"href":"https:\/\/linoexpress.com\/sk\/wp-json\/wp\/v2\/product"}],"about":[{"href":"https:\/\/linoexpress.com\/sk\/wp-json\/wp\/v2\/types\/product"}],"replies":[{"embeddable":true,"href":"https:\/\/linoexpress.com\/sk\/wp-json\/wp\/v2\/comments?post=1695"}],"wp:featuredmedia":[{"embeddable":true,"href":"https:\/\/linoexpress.com\/sk\/wp-json\/wp\/v2\/media\/1701"}],"wp:attachment":[{"href":"https:\/\/linoexpress.com\/sk\/wp-json\/wp\/v2\/media?parent=1695"}],"wp:term":[{"taxonomy":"product_brand","embeddable":true,"href":"https:\/\/linoexpress.com\/sk\/wp-json\/wp\/v2\/product_brand?post=1695"},{"taxonomy":"product_cat","embeddable":true,"href":"https:\/\/linoexpress.com\/sk\/wp-json\/wp\/v2\/product_cat?post=1695"},{"taxonomy":"product_tag","embeddable":true,"href":"https:\/\/linoexpress.com\/sk\/wp-json\/wp\/v2\/product_tag?post=1695"}],"curies":[{"name":"wp","href":"https:\/\/api.w.org\/{rel}","templated":true}]}}