{"id":16967,"date":"2025-07-24T21:18:52","date_gmt":"2025-07-24T19:18:52","guid":{"rendered":"https:\/\/linoexpress.com\/sk\/?post_type=product&#038;p=16967"},"modified":"2025-07-24T23:08:59","modified_gmt":"2025-07-24T21:08:59","slug":"otocny-kos-na-gril","status":"publish","type":"product","link":"https:\/\/linoexpress.com\/sk\/produkt\/otocny-kos-na-gril\/","title":{"rendered":"Oto\u010dn\u00fd k\u00f4\u0161 na gril"},"content":{"rendered":"","protected":false},"excerpt":{"rendered":"<p>Praktick\u00fd a inovat\u00edvny k\u00f4\u0161 na pe\u010denie, ktor\u00fd rovnomerne ot\u00e1\u010da jedlo pre dokonal\u00fa chu\u0165. Ide\u00e1lny pre zeleninu, m\u00e4so a orechy. \u0160etr\u00ed \u010das, priestor a umo\u017e\u0148uje \u00fapln\u00e9 vychutnanie si grilovania.<\/p>\n","protected":false},"featured_media":16980,"comment_status":"closed","ping_status":"closed","template":"","meta":{"inline_featured_image":false},"product_brand":[],"product_cat":[25,15],"product_tag":[],"class_list":{"0":"post-16967","1":"product","2":"type-product","3":"status-publish","4":"has-post-thumbnail","6":"product_cat-car","7":"product_cat-uncategorized","9":"first","10":"instock","11":"sale","12":"taxable","13":"shipping-taxable","14":"purchasable","15":"product-type-simple"},"acf":[],"_links":{"self":[{"href":"https:\/\/linoexpress.com\/sk\/wp-json\/wp\/v2\/product\/16967","targetHints":{"allow":["GET"]}}],"collection":[{"href":"https:\/\/linoexpress.com\/sk\/wp-json\/wp\/v2\/product"}],"about":[{"href":"https:\/\/linoexpress.com\/sk\/wp-json\/wp\/v2\/types\/product"}],"replies":[{"embeddable":true,"href":"https:\/\/linoexpress.com\/sk\/wp-json\/wp\/v2\/comments?post=16967"}],"wp:featuredmedia":[{"embeddable":true,"href":"https:\/\/linoexpress.com\/sk\/wp-json\/wp\/v2\/media\/16980"}],"wp:attachment":[{"href":"https:\/\/linoexpress.com\/sk\/wp-json\/wp\/v2\/media?parent=16967"}],"wp:term":[{"taxonomy":"product_brand","embeddable":true,"href":"https:\/\/linoexpress.com\/sk\/wp-json\/wp\/v2\/product_brand?post=16967"},{"taxonomy":"product_cat","embeddable":true,"href":"https:\/\/linoexpress.com\/sk\/wp-json\/wp\/v2\/product_cat?post=16967"},{"taxonomy":"product_tag","embeddable":true,"href":"https:\/\/linoexpress.com\/sk\/wp-json\/wp\/v2\/product_tag?post=16967"}],"curies":[{"name":"wp","href":"https:\/\/api.w.org\/{rel}","templated":true}]}}