{"id":17112,"date":"2025-08-26T12:06:08","date_gmt":"2025-08-26T10:06:08","guid":{"rendered":"https:\/\/linoexpress.com\/sk\/?post_type=product&#038;p=17112"},"modified":"2025-08-26T13:58:55","modified_gmt":"2025-08-26T11:58:55","slug":"ticha-lopta-pre-nekonecnu-hru-silent-basketball","status":"publish","type":"product","link":"https:\/\/linoexpress.com\/sk\/produkt\/ticha-lopta-pre-nekonecnu-hru-silent-basketball\/","title":{"rendered":"Tich\u00e1 lopta pre nekone\u010dn\u00fa hru \u2013 Silent Basketball"},"content":{"rendered":"","protected":false},"excerpt":{"rendered":"<p>Predstav si basketbalov\u00fa loptu, ktor\u00e1 nerob\u00ed hluk, nepo\u0161kodzuje n\u00e1bytok a je bezpe\u010dn\u00e1 na hranie v byte. Presne to prin\u00e1\u0161a Silent Basketball \u2013 \u013eahk\u00e1 a elastick\u00e1 lopta, ktor\u00e1 je stvoren\u00e1 na hodiny z\u00e1bavy.<br data-start=\"352\" data-end=\"355\" \/>\u017diadne pumpovanie, \u017eiadne obmedzenia, iba \u010dist\u00e1 hra!<\/p>\n","protected":false},"featured_media":17117,"comment_status":"closed","ping_status":"closed","template":"","meta":{"inline_featured_image":false},"product_brand":[],"product_cat":[25,15],"product_tag":[],"class_list":{"0":"post-17112","1":"product","2":"type-product","3":"status-publish","4":"has-post-thumbnail","6":"product_cat-car","7":"product_cat-uncategorized","9":"first","10":"instock","11":"sale","12":"taxable","13":"shipping-taxable","14":"purchasable","15":"product-type-simple"},"acf":[],"_links":{"self":[{"href":"https:\/\/linoexpress.com\/sk\/wp-json\/wp\/v2\/product\/17112","targetHints":{"allow":["GET"]}}],"collection":[{"href":"https:\/\/linoexpress.com\/sk\/wp-json\/wp\/v2\/product"}],"about":[{"href":"https:\/\/linoexpress.com\/sk\/wp-json\/wp\/v2\/types\/product"}],"replies":[{"embeddable":true,"href":"https:\/\/linoexpress.com\/sk\/wp-json\/wp\/v2\/comments?post=17112"}],"wp:featuredmedia":[{"embeddable":true,"href":"https:\/\/linoexpress.com\/sk\/wp-json\/wp\/v2\/media\/17117"}],"wp:attachment":[{"href":"https:\/\/linoexpress.com\/sk\/wp-json\/wp\/v2\/media?parent=17112"}],"wp:term":[{"taxonomy":"product_brand","embeddable":true,"href":"https:\/\/linoexpress.com\/sk\/wp-json\/wp\/v2\/product_brand?post=17112"},{"taxonomy":"product_cat","embeddable":true,"href":"https:\/\/linoexpress.com\/sk\/wp-json\/wp\/v2\/product_cat?post=17112"},{"taxonomy":"product_tag","embeddable":true,"href":"https:\/\/linoexpress.com\/sk\/wp-json\/wp\/v2\/product_tag?post=17112"}],"curies":[{"name":"wp","href":"https:\/\/api.w.org\/{rel}","templated":true}]}}