{"id":17268,"date":"2025-10-17T09:52:32","date_gmt":"2025-10-17T07:52:32","guid":{"rendered":"https:\/\/linoexpress.com\/sk\/?post_type=product&#038;p=17268"},"modified":"2025-11-19T09:40:50","modified_gmt":"2025-11-19T08:40:50","slug":"zvukova-kniha-na-ucenie-anglictiny","status":"publish","type":"product","link":"https:\/\/linoexpress.com\/sk\/produkt\/zvukova-kniha-na-ucenie-anglictiny\/","title":{"rendered":"Zvukov\u00e1 kniha na u\u010denie angli\u010dtiny"},"content":{"rendered":"","protected":false},"excerpt":{"rendered":"<p>Interakt\u00edvna kniha so zvukom pom\u00e1ha de\u0165om nau\u010di\u0165 sa viac ako 470 anglick\u00fdch slov prostredn\u00edctvom 21 t\u00e9m, kv\u00edzov a pesni\u010diek. Ide\u00e1lna na dom\u00e1ce pou\u017eitie, do \u0161k\u00f4lky, \u0161koly alebo ako vzdel\u00e1vac\u00ed dar\u010dek. Kniha sp\u00e1ja z\u00e1bavu a u\u010denie, povzbudzuje deti k samostatn\u00e9mu objavovaniu a rozpr\u00e1vaniu.<\/p>\n","protected":false},"featured_media":17272,"comment_status":"closed","ping_status":"closed","template":"","meta":{"inline_featured_image":false},"product_brand":[],"product_cat":[27,24,15,35],"product_tag":[],"class_list":{"0":"post-17268","1":"product","2":"type-product","3":"status-publish","4":"has-post-thumbnail","6":"product_cat-home","7":"product_cat-sale","8":"product_cat-uncategorized","9":"product_cat-fun","11":"first","12":"instock","13":"sale","14":"taxable","15":"shipping-taxable","16":"purchasable","17":"product-type-simple"},"acf":[],"_links":{"self":[{"href":"https:\/\/linoexpress.com\/sk\/wp-json\/wp\/v2\/product\/17268","targetHints":{"allow":["GET"]}}],"collection":[{"href":"https:\/\/linoexpress.com\/sk\/wp-json\/wp\/v2\/product"}],"about":[{"href":"https:\/\/linoexpress.com\/sk\/wp-json\/wp\/v2\/types\/product"}],"replies":[{"embeddable":true,"href":"https:\/\/linoexpress.com\/sk\/wp-json\/wp\/v2\/comments?post=17268"}],"wp:featuredmedia":[{"embeddable":true,"href":"https:\/\/linoexpress.com\/sk\/wp-json\/wp\/v2\/media\/17272"}],"wp:attachment":[{"href":"https:\/\/linoexpress.com\/sk\/wp-json\/wp\/v2\/media?parent=17268"}],"wp:term":[{"taxonomy":"product_brand","embeddable":true,"href":"https:\/\/linoexpress.com\/sk\/wp-json\/wp\/v2\/product_brand?post=17268"},{"taxonomy":"product_cat","embeddable":true,"href":"https:\/\/linoexpress.com\/sk\/wp-json\/wp\/v2\/product_cat?post=17268"},{"taxonomy":"product_tag","embeddable":true,"href":"https:\/\/linoexpress.com\/sk\/wp-json\/wp\/v2\/product_tag?post=17268"}],"curies":[{"name":"wp","href":"https:\/\/api.w.org\/{rel}","templated":true}]}}