{"id":17285,"date":"2025-10-17T16:24:30","date_gmt":"2025-10-17T14:24:30","guid":{"rendered":"https:\/\/linoexpress.com\/sk\/?post_type=product&#038;p=17285"},"modified":"2025-11-19T09:40:42","modified_gmt":"2025-11-19T08:40:42","slug":"emocionalna-plysova-hracka-kuschelkoala","status":"publish","type":"product","link":"https:\/\/linoexpress.com\/sk\/produkt\/emocionalna-plysova-hracka-kuschelkoala\/","title":{"rendered":"Emocion\u00e1lna ply\u0161ov\u00e1 hra\u010dka &#8211; KuschelKoala"},"content":{"rendered":"","protected":false},"excerpt":{"rendered":"<p>KuschelKoala je viac ne\u017e len oby\u010dajn\u00e1 ply\u0161ov\u00e1 hra\u010dka \u2013 je to mal\u00fd emocion\u00e1lny spolo\u010dn\u00edk. Jej m\u00e4kk\u00e1 a pr\u00edjemn\u00e1 text\u00fara poskytuje pocit bezpe\u010dia, upokojuje stres a osamelos\u0165 a podporuje uvo\u013e\u0148ovanie horm\u00f3nu \u0161\u0165astia \u2013 oxytoc\u00ednu. Ide\u00e1lna pre deti aj dospel\u00fdch, doma, na cest\u00e1ch alebo ako st\u00e1ly zdroj \u00fatechy.<\/p>\n","protected":false},"featured_media":17287,"comment_status":"closed","ping_status":"closed","template":"","meta":{"inline_featured_image":false},"product_brand":[],"product_cat":[27,24,15,35],"product_tag":[],"class_list":{"0":"post-17285","1":"product","2":"type-product","3":"status-publish","4":"has-post-thumbnail","6":"product_cat-home","7":"product_cat-sale","8":"product_cat-uncategorized","9":"product_cat-fun","11":"first","12":"instock","13":"sale","14":"taxable","15":"shipping-taxable","16":"purchasable","17":"product-type-simple"},"acf":[],"_links":{"self":[{"href":"https:\/\/linoexpress.com\/sk\/wp-json\/wp\/v2\/product\/17285","targetHints":{"allow":["GET"]}}],"collection":[{"href":"https:\/\/linoexpress.com\/sk\/wp-json\/wp\/v2\/product"}],"about":[{"href":"https:\/\/linoexpress.com\/sk\/wp-json\/wp\/v2\/types\/product"}],"replies":[{"embeddable":true,"href":"https:\/\/linoexpress.com\/sk\/wp-json\/wp\/v2\/comments?post=17285"}],"wp:featuredmedia":[{"embeddable":true,"href":"https:\/\/linoexpress.com\/sk\/wp-json\/wp\/v2\/media\/17287"}],"wp:attachment":[{"href":"https:\/\/linoexpress.com\/sk\/wp-json\/wp\/v2\/media?parent=17285"}],"wp:term":[{"taxonomy":"product_brand","embeddable":true,"href":"https:\/\/linoexpress.com\/sk\/wp-json\/wp\/v2\/product_brand?post=17285"},{"taxonomy":"product_cat","embeddable":true,"href":"https:\/\/linoexpress.com\/sk\/wp-json\/wp\/v2\/product_cat?post=17285"},{"taxonomy":"product_tag","embeddable":true,"href":"https:\/\/linoexpress.com\/sk\/wp-json\/wp\/v2\/product_tag?post=17285"}],"curies":[{"name":"wp","href":"https:\/\/api.w.org\/{rel}","templated":true}]}}