{"id":17310,"date":"2025-10-20T23:39:31","date_gmt":"2025-10-20T21:39:31","guid":{"rendered":"https:\/\/linoexpress.com\/sk\/?post_type=product&#038;p=17310"},"modified":"2026-02-11T10:44:23","modified_gmt":"2026-02-11T09:44:23","slug":"pas-na-pomoc-pri-zhyboch-fitband-pro","status":"publish","type":"product","link":"https:\/\/linoexpress.com\/sk\/produkt\/pas-na-pomoc-pri-zhyboch-fitband-pro\/","title":{"rendered":"P\u00e1s na pomoc pri zhyboch \u2013 FitBand Pro"},"content":{"rendered":"","protected":false},"excerpt":{"rendered":"<p>Zlep\u0161i svoj dom\u00e1ci tr\u00e9ning pomocou p\u00e1su na zhyby, ktor\u00fd ti poskytne stabilitu, bezpe\u010dnos\u0165 a efektivitu pri ka\u017edom pohybe. Bez sparinga a zbyto\u010dnej z\u00e1\u0165a\u017ee \u2013 len ty, tvoja sila a inteligentn\u00fd tr\u00e9ningov\u00fd n\u00e1stroj. Perfektn\u00fd pre za\u010diato\u010dn\u00edkov aj pokro\u010dil\u00fdch \u0161portovcov, ktor\u00ed chc\u00fa posilni\u0165 horn\u00fa \u010das\u0165 tela a zdokonali\u0165 techniku zhybov.<\/p>\n","protected":false},"featured_media":17314,"comment_status":"closed","ping_status":"closed","template":"","meta":{"inline_featured_image":false},"product_brand":[],"product_cat":[27,15,35,26],"product_tag":[],"class_list":{"0":"post-17310","1":"product","2":"type-product","3":"status-publish","4":"has-post-thumbnail","6":"product_cat-home","7":"product_cat-uncategorized","8":"product_cat-fun","9":"product_cat-health","11":"first","12":"instock","13":"sale","14":"taxable","15":"shipping-taxable","16":"purchasable","17":"product-type-simple"},"acf":[],"_links":{"self":[{"href":"https:\/\/linoexpress.com\/sk\/wp-json\/wp\/v2\/product\/17310","targetHints":{"allow":["GET"]}}],"collection":[{"href":"https:\/\/linoexpress.com\/sk\/wp-json\/wp\/v2\/product"}],"about":[{"href":"https:\/\/linoexpress.com\/sk\/wp-json\/wp\/v2\/types\/product"}],"replies":[{"embeddable":true,"href":"https:\/\/linoexpress.com\/sk\/wp-json\/wp\/v2\/comments?post=17310"}],"wp:featuredmedia":[{"embeddable":true,"href":"https:\/\/linoexpress.com\/sk\/wp-json\/wp\/v2\/media\/17314"}],"wp:attachment":[{"href":"https:\/\/linoexpress.com\/sk\/wp-json\/wp\/v2\/media?parent=17310"}],"wp:term":[{"taxonomy":"product_brand","embeddable":true,"href":"https:\/\/linoexpress.com\/sk\/wp-json\/wp\/v2\/product_brand?post=17310"},{"taxonomy":"product_cat","embeddable":true,"href":"https:\/\/linoexpress.com\/sk\/wp-json\/wp\/v2\/product_cat?post=17310"},{"taxonomy":"product_tag","embeddable":true,"href":"https:\/\/linoexpress.com\/sk\/wp-json\/wp\/v2\/product_tag?post=17310"}],"curies":[{"name":"wp","href":"https:\/\/api.w.org\/{rel}","templated":true}]}}