{"id":17339,"date":"2025-10-22T23:27:34","date_gmt":"2025-10-22T21:27:34","guid":{"rendered":"https:\/\/linoexpress.com\/sk\/?post_type=product&#038;p=17339"},"modified":"2025-11-19T09:40:28","modified_gmt":"2025-11-19T08:40:28","slug":"boxerska-sada-pre-deti","status":"publish","type":"product","link":"https:\/\/linoexpress.com\/sk\/produkt\/boxerska-sada-pre-deti\/","title":{"rendered":"Boxersk\u00e1 sada pre deti"},"content":{"rendered":"","protected":false},"excerpt":{"rendered":"<p>Z\u00e1bavn\u00fd a bezpe\u010dn\u00fd sp\u00f4sob, ako deti m\u00f4\u017eu vyu\u017ei\u0165 prebyto\u010dn\u00fa energiu, rozv\u00edja\u0165 kond\u00edciu a koordin\u00e1ciu! T\u00e1to sada podporuje l\u00e1sku k \u0161portu, pom\u00e1ha pri budovan\u00ed zdrav\u00fdch n\u00e1vykov a zni\u017eovan\u00ed stresu u det\u00ed. Kvalitn\u00e9 a bezpe\u010dn\u00e9 spracovanie zaru\u010duje dlhodob\u00e9 a bezpe\u010dn\u00e9 pou\u017e\u00edvanie.<\/p>\n","protected":false},"featured_media":17345,"comment_status":"closed","ping_status":"closed","template":"","meta":{"inline_featured_image":false},"product_brand":[],"product_cat":[27,24,15,35],"product_tag":[],"class_list":{"0":"post-17339","1":"product","2":"type-product","3":"status-publish","4":"has-post-thumbnail","6":"product_cat-home","7":"product_cat-sale","8":"product_cat-uncategorized","9":"product_cat-fun","11":"first","12":"instock","13":"sale","14":"taxable","15":"shipping-taxable","16":"purchasable","17":"product-type-simple"},"acf":[],"_links":{"self":[{"href":"https:\/\/linoexpress.com\/sk\/wp-json\/wp\/v2\/product\/17339","targetHints":{"allow":["GET"]}}],"collection":[{"href":"https:\/\/linoexpress.com\/sk\/wp-json\/wp\/v2\/product"}],"about":[{"href":"https:\/\/linoexpress.com\/sk\/wp-json\/wp\/v2\/types\/product"}],"replies":[{"embeddable":true,"href":"https:\/\/linoexpress.com\/sk\/wp-json\/wp\/v2\/comments?post=17339"}],"wp:featuredmedia":[{"embeddable":true,"href":"https:\/\/linoexpress.com\/sk\/wp-json\/wp\/v2\/media\/17345"}],"wp:attachment":[{"href":"https:\/\/linoexpress.com\/sk\/wp-json\/wp\/v2\/media?parent=17339"}],"wp:term":[{"taxonomy":"product_brand","embeddable":true,"href":"https:\/\/linoexpress.com\/sk\/wp-json\/wp\/v2\/product_brand?post=17339"},{"taxonomy":"product_cat","embeddable":true,"href":"https:\/\/linoexpress.com\/sk\/wp-json\/wp\/v2\/product_cat?post=17339"},{"taxonomy":"product_tag","embeddable":true,"href":"https:\/\/linoexpress.com\/sk\/wp-json\/wp\/v2\/product_tag?post=17339"}],"curies":[{"name":"wp","href":"https:\/\/api.w.org\/{rel}","templated":true}]}}