{"id":17382,"date":"2025-11-04T11:13:31","date_gmt":"2025-11-04T10:13:31","guid":{"rendered":"https:\/\/linoexpress.com\/sk\/?post_type=product&#038;p=17382"},"modified":"2026-02-19T16:04:20","modified_gmt":"2026-02-19T15:04:20","slug":"plysovy-roboticky-pes","status":"publish","type":"product","link":"https:\/\/linoexpress.com\/sk\/produkt\/plysovy-roboticky-pes\/","title":{"rendered":"Ply\u0161ov\u00fd robotick\u00fd pes"},"content":{"rendered":"","protected":false},"excerpt":{"rendered":"<p>Tento rozko\u0161n\u00fd ply\u0161ov\u00fd robotick\u00fd pes prin\u00e1\u0161a rados\u0165, teplo a \u00fasmev ka\u017ed\u00e9mu die\u0165a\u0165u.<br data-start=\"281\" data-end=\"284\" \/>Je dokonal\u00fdm spolo\u010dn\u00edkom na hranie, maznanie aj pokojn\u00fd sp\u00e1nok \u2013 ako skuto\u010dn\u00e9 dom\u00e1ce zvieratko.<br data-start=\"379\" data-end=\"382\" \/>Vyroben\u00fd z m\u00e4kkej a bezpe\u010dnej tkaniny s interakt\u00edvnymi funkciami, ktor\u00e9 o\u017eivuj\u00fa hru a vytv\u00e1raj\u00fa nezabudnute\u013en\u00e9 chv\u00edle.<\/p>\n","protected":false},"featured_media":17387,"comment_status":"closed","ping_status":"closed","template":"","meta":{"inline_featured_image":false},"product_brand":[],"product_cat":[27,24,15,35],"product_tag":[],"class_list":{"0":"post-17382","1":"product","2":"type-product","3":"status-publish","4":"has-post-thumbnail","6":"product_cat-home","7":"product_cat-sale","8":"product_cat-uncategorized","9":"product_cat-fun","11":"first","12":"instock","13":"sale","14":"taxable","15":"shipping-taxable","16":"purchasable","17":"product-type-simple"},"acf":[],"_links":{"self":[{"href":"https:\/\/linoexpress.com\/sk\/wp-json\/wp\/v2\/product\/17382","targetHints":{"allow":["GET"]}}],"collection":[{"href":"https:\/\/linoexpress.com\/sk\/wp-json\/wp\/v2\/product"}],"about":[{"href":"https:\/\/linoexpress.com\/sk\/wp-json\/wp\/v2\/types\/product"}],"replies":[{"embeddable":true,"href":"https:\/\/linoexpress.com\/sk\/wp-json\/wp\/v2\/comments?post=17382"}],"wp:featuredmedia":[{"embeddable":true,"href":"https:\/\/linoexpress.com\/sk\/wp-json\/wp\/v2\/media\/17387"}],"wp:attachment":[{"href":"https:\/\/linoexpress.com\/sk\/wp-json\/wp\/v2\/media?parent=17382"}],"wp:term":[{"taxonomy":"product_brand","embeddable":true,"href":"https:\/\/linoexpress.com\/sk\/wp-json\/wp\/v2\/product_brand?post=17382"},{"taxonomy":"product_cat","embeddable":true,"href":"https:\/\/linoexpress.com\/sk\/wp-json\/wp\/v2\/product_cat?post=17382"},{"taxonomy":"product_tag","embeddable":true,"href":"https:\/\/linoexpress.com\/sk\/wp-json\/wp\/v2\/product_tag?post=17382"}],"curies":[{"name":"wp","href":"https:\/\/api.w.org\/{rel}","templated":true}]}}