{"id":17400,"date":"2025-11-05T19:12:12","date_gmt":"2025-11-05T18:12:12","guid":{"rendered":"https:\/\/linoexpress.com\/sk\/produkt\/tracne-product\/"},"modified":"2026-03-10T17:32:31","modified_gmt":"2026-03-10T16:32:31","slug":"prenosny-natahovac-krku","status":"publish","type":"product","link":"https:\/\/linoexpress.com\/sk\/produkt\/prenosny-natahovac-krku\/","title":{"rendered":"Prenosn\u00fd na\u0165ahova\u010d krku"},"content":{"rendered":"","protected":false},"excerpt":{"rendered":"<p>Povedzte zbohom stuhnutosti a nap\u00e4tiu v krku s t\u00fdmto prenosn\u00fdm na\u0165ahova\u010dom krku, ktor\u00fd m\u00f4\u017eete pou\u017e\u00edva\u0165 kedyko\u013evek a kdeko\u013evek. Je ide\u00e1lny na zotavenie po dlhom dni pri po\u010d\u00edta\u010di, fyzickej aktivite alebo n\u00e1ro\u010dnom dni. Poskytuje profesion\u00e1lne na\u0165ahovanie a uvo\u013enenie svalov krku a ramien \u2013 to v\u0161etko v pohodl\u00ed v\u00e1\u0161ho domova.<\/p>\n","protected":false},"featured_media":17401,"comment_status":"closed","ping_status":"closed","template":"","meta":{"inline_featured_image":false},"product_brand":[],"product_cat":[27,28,15,35,26],"product_tag":[],"class_list":{"0":"post-17400","1":"product","2":"type-product","3":"status-publish","4":"has-post-thumbnail","6":"product_cat-home","7":"product_cat-beauty","8":"product_cat-uncategorized","9":"product_cat-fun","10":"product_cat-health","12":"first","13":"instock","14":"sale","15":"taxable","16":"shipping-taxable","17":"purchasable","18":"product-type-simple"},"acf":[],"_links":{"self":[{"href":"https:\/\/linoexpress.com\/sk\/wp-json\/wp\/v2\/product\/17400","targetHints":{"allow":["GET"]}}],"collection":[{"href":"https:\/\/linoexpress.com\/sk\/wp-json\/wp\/v2\/product"}],"about":[{"href":"https:\/\/linoexpress.com\/sk\/wp-json\/wp\/v2\/types\/product"}],"replies":[{"embeddable":true,"href":"https:\/\/linoexpress.com\/sk\/wp-json\/wp\/v2\/comments?post=17400"}],"wp:featuredmedia":[{"embeddable":true,"href":"https:\/\/linoexpress.com\/sk\/wp-json\/wp\/v2\/media\/17401"}],"wp:attachment":[{"href":"https:\/\/linoexpress.com\/sk\/wp-json\/wp\/v2\/media?parent=17400"}],"wp:term":[{"taxonomy":"product_brand","embeddable":true,"href":"https:\/\/linoexpress.com\/sk\/wp-json\/wp\/v2\/product_brand?post=17400"},{"taxonomy":"product_cat","embeddable":true,"href":"https:\/\/linoexpress.com\/sk\/wp-json\/wp\/v2\/product_cat?post=17400"},{"taxonomy":"product_tag","embeddable":true,"href":"https:\/\/linoexpress.com\/sk\/wp-json\/wp\/v2\/product_tag?post=17400"}],"curies":[{"name":"wp","href":"https:\/\/api.w.org\/{rel}","templated":true}]}}