{"id":17416,"date":"2025-11-06T01:31:11","date_gmt":"2025-11-06T00:31:11","guid":{"rendered":"https:\/\/linoexpress.com\/sk\/produkt\/pandy-product\/"},"modified":"2026-03-26T14:16:05","modified_gmt":"2026-03-26T13:16:05","slug":"maznavy-panda-terapeuticky-plysak","status":"publish","type":"product","link":"https:\/\/linoexpress.com\/sk\/produkt\/maznavy-panda-terapeuticky-plysak\/","title":{"rendered":"Maznav\u00fd panda terapeutick\u00fd ply\u0161\u00e1k"},"content":{"rendered":"","protected":false},"excerpt":{"rendered":"<p>Mil\u00fd panda terapeutick\u00fd ply\u0161\u00e1k bol vytvoren\u00fd, aby poskytol \u00fatechu, bezpe\u010dnos\u0165 a pokoj ka\u017ed\u00e9mu, kto potrebuje chv\u00ed\u013eu jemnosti.<br \/>\nV\u010faka \u0161peci\u00e1lnemu dizajnu s jemn\u00fdmi pohybmi a pr\u00edjemnou hmotnos\u0165ou, t\u00e1to panda napodob\u0148uje pocit skuto\u010dn\u00e9ho objatia a podporuje hlbok\u00e9 uvo\u013enenie tela a mysle.<\/p>\n","protected":false},"featured_media":17417,"comment_status":"closed","ping_status":"closed","template":"","meta":{"inline_featured_image":false},"product_brand":[],"product_cat":[27,15,35,26],"product_tag":[],"class_list":{"0":"post-17416","1":"product","2":"type-product","3":"status-publish","4":"has-post-thumbnail","6":"product_cat-home","7":"product_cat-uncategorized","8":"product_cat-fun","9":"product_cat-health","11":"first","12":"instock","13":"sale","14":"taxable","15":"shipping-taxable","16":"purchasable","17":"product-type-simple"},"acf":[],"_links":{"self":[{"href":"https:\/\/linoexpress.com\/sk\/wp-json\/wp\/v2\/product\/17416","targetHints":{"allow":["GET"]}}],"collection":[{"href":"https:\/\/linoexpress.com\/sk\/wp-json\/wp\/v2\/product"}],"about":[{"href":"https:\/\/linoexpress.com\/sk\/wp-json\/wp\/v2\/types\/product"}],"replies":[{"embeddable":true,"href":"https:\/\/linoexpress.com\/sk\/wp-json\/wp\/v2\/comments?post=17416"}],"wp:featuredmedia":[{"embeddable":true,"href":"https:\/\/linoexpress.com\/sk\/wp-json\/wp\/v2\/media\/17417"}],"wp:attachment":[{"href":"https:\/\/linoexpress.com\/sk\/wp-json\/wp\/v2\/media?parent=17416"}],"wp:term":[{"taxonomy":"product_brand","embeddable":true,"href":"https:\/\/linoexpress.com\/sk\/wp-json\/wp\/v2\/product_brand?post=17416"},{"taxonomy":"product_cat","embeddable":true,"href":"https:\/\/linoexpress.com\/sk\/wp-json\/wp\/v2\/product_cat?post=17416"},{"taxonomy":"product_tag","embeddable":true,"href":"https:\/\/linoexpress.com\/sk\/wp-json\/wp\/v2\/product_tag?post=17416"}],"curies":[{"name":"wp","href":"https:\/\/api.w.org\/{rel}","templated":true}]}}