{"id":17429,"date":"2025-11-06T17:04:38","date_gmt":"2025-11-06T16:04:38","guid":{"rendered":"https:\/\/linoexpress.com\/sk\/produkt\/musictrvo-product\/"},"modified":"2025-11-06T17:38:36","modified_gmt":"2025-11-06T16:38:36","slug":"hudobna-skrinka-vianocny-vlak","status":"publish","type":"product","link":"https:\/\/linoexpress.com\/sk\/produkt\/hudobna-skrinka-vianocny-vlak\/","title":{"rendered":"Hudobn\u00e1 skrinka Viano\u010dn\u00fd vlak"},"content":{"rendered":"","protected":false},"excerpt":{"rendered":"<p>Retro dizajn vlaku s n\u00e1dhern\u00fdmi viano\u010dn\u00fdmi mot\u00edvmi a sviato\u010dnou hudbou vytv\u00e1ra tepl\u00fa, rozpr\u00e1vkov\u00fa atmosf\u00e9ru v ka\u017edom dome. T\u00e1to elegantn\u00e1 dekor\u00e1cia s Dedom Mr\u00e1zom, dar\u010dekmi a efektom snehovej gule je perfektnou vo\u013ebou pre sviato\u010dn\u00fd st\u00f4l, krb alebo poli\u010dku.<\/p>\n","protected":false},"featured_media":17430,"comment_status":"closed","ping_status":"closed","template":"","meta":{"inline_featured_image":false},"product_brand":[],"product_cat":[27,24,15,35],"product_tag":[],"class_list":{"0":"post-17429","1":"product","2":"type-product","3":"status-publish","4":"has-post-thumbnail","6":"product_cat-home","7":"product_cat-sale","8":"product_cat-uncategorized","9":"product_cat-fun","11":"first","12":"instock","13":"sale","14":"taxable","15":"shipping-taxable","16":"purchasable","17":"product-type-simple"},"acf":[],"_links":{"self":[{"href":"https:\/\/linoexpress.com\/sk\/wp-json\/wp\/v2\/product\/17429","targetHints":{"allow":["GET"]}}],"collection":[{"href":"https:\/\/linoexpress.com\/sk\/wp-json\/wp\/v2\/product"}],"about":[{"href":"https:\/\/linoexpress.com\/sk\/wp-json\/wp\/v2\/types\/product"}],"replies":[{"embeddable":true,"href":"https:\/\/linoexpress.com\/sk\/wp-json\/wp\/v2\/comments?post=17429"}],"wp:featuredmedia":[{"embeddable":true,"href":"https:\/\/linoexpress.com\/sk\/wp-json\/wp\/v2\/media\/17430"}],"wp:attachment":[{"href":"https:\/\/linoexpress.com\/sk\/wp-json\/wp\/v2\/media?parent=17429"}],"wp:term":[{"taxonomy":"product_brand","embeddable":true,"href":"https:\/\/linoexpress.com\/sk\/wp-json\/wp\/v2\/product_brand?post=17429"},{"taxonomy":"product_cat","embeddable":true,"href":"https:\/\/linoexpress.com\/sk\/wp-json\/wp\/v2\/product_cat?post=17429"},{"taxonomy":"product_tag","embeddable":true,"href":"https:\/\/linoexpress.com\/sk\/wp-json\/wp\/v2\/product_tag?post=17429"}],"curies":[{"name":"wp","href":"https:\/\/api.w.org\/{rel}","templated":true}]}}