{"id":17519,"date":"2025-11-11T07:14:18","date_gmt":"2025-11-11T06:14:18","guid":{"rendered":"https:\/\/linoexpress.com\/sk\/produkt\/watest-product\/"},"modified":"2026-01-14T17:13:01","modified_gmt":"2026-01-14T16:13:01","slug":"tester-vody","status":"publish","type":"product","link":"https:\/\/linoexpress.com\/sk\/produkt\/tester-vody\/","title":{"rendered":"Tester vody"},"content":{"rendered":"","protected":false},"excerpt":{"rendered":"<p>Digit\u00e1lny tester na r\u00fdchle a presn\u00e9 meranie kvality vody.<br \/>\nZobrazuje TDS, vodivos\u0165 a teplotu v re\u00e1lnom \u010dase.<br \/>\nVhodn\u00fd pre dom\u00e1cnosti, hydroponick\u00e9 kult\u00fary a baz\u00e9ny.<\/p>\n","protected":false},"featured_media":17520,"comment_status":"closed","ping_status":"closed","template":"","meta":{"inline_featured_image":false},"product_brand":[],"product_cat":[27,15,35,26],"product_tag":[],"class_list":{"0":"post-17519","1":"product","2":"type-product","3":"status-publish","4":"has-post-thumbnail","6":"product_cat-home","7":"product_cat-uncategorized","8":"product_cat-fun","9":"product_cat-health","11":"first","12":"instock","13":"sale","14":"taxable","15":"shipping-taxable","16":"purchasable","17":"product-type-simple"},"acf":[],"_links":{"self":[{"href":"https:\/\/linoexpress.com\/sk\/wp-json\/wp\/v2\/product\/17519","targetHints":{"allow":["GET"]}}],"collection":[{"href":"https:\/\/linoexpress.com\/sk\/wp-json\/wp\/v2\/product"}],"about":[{"href":"https:\/\/linoexpress.com\/sk\/wp-json\/wp\/v2\/types\/product"}],"replies":[{"embeddable":true,"href":"https:\/\/linoexpress.com\/sk\/wp-json\/wp\/v2\/comments?post=17519"}],"wp:featuredmedia":[{"embeddable":true,"href":"https:\/\/linoexpress.com\/sk\/wp-json\/wp\/v2\/media\/17520"}],"wp:attachment":[{"href":"https:\/\/linoexpress.com\/sk\/wp-json\/wp\/v2\/media?parent=17519"}],"wp:term":[{"taxonomy":"product_brand","embeddable":true,"href":"https:\/\/linoexpress.com\/sk\/wp-json\/wp\/v2\/product_brand?post=17519"},{"taxonomy":"product_cat","embeddable":true,"href":"https:\/\/linoexpress.com\/sk\/wp-json\/wp\/v2\/product_cat?post=17519"},{"taxonomy":"product_tag","embeddable":true,"href":"https:\/\/linoexpress.com\/sk\/wp-json\/wp\/v2\/product_tag?post=17519"}],"curies":[{"name":"wp","href":"https:\/\/api.w.org\/{rel}","templated":true}]}}