{"id":17578,"date":"2025-11-12T12:23:03","date_gmt":"2025-11-12T11:23:03","guid":{"rendered":"https:\/\/linoexpress.com\/sk\/produkt\/ulrep-product\/"},"modified":"2025-11-12T16:20:29","modified_gmt":"2025-11-12T15:20:29","slug":"ultrazvukova-ochrana-proti-hlodavcom","status":"publish","type":"product","link":"https:\/\/linoexpress.com\/sk\/produkt\/ultrazvukova-ochrana-proti-hlodavcom\/","title":{"rendered":"Ultrazvukov\u00e1 ochrana proti hlodavcom"},"content":{"rendered":"","protected":false},"excerpt":{"rendered":"<p>Elektronick\u00e9 zariadenie, ktor\u00e9 odpudzuje my\u0161i a in\u00e9 hlodavce vysokofrekven\u010dn\u00fdmi zvukov\u00fdmi vlnami.<br \/>\nJe nepostrehnute\u013en\u00e9 pre \u013eudsk\u00e9 ucho, ale hlodavcom sp\u00f4sobuje nepohodlie a odpor.<br \/>\nJe jednoduch\u00e9 na pou\u017eitie a bezpe\u010dn\u00e9 pre \u013eud\u00ed a dom\u00e1ce zvierat\u00e1.<\/p>\n","protected":false},"featured_media":17580,"comment_status":"closed","ping_status":"closed","template":"","meta":{"inline_featured_image":false},"product_brand":[],"product_cat":[27,15,35,26],"product_tag":[],"class_list":{"0":"post-17578","1":"product","2":"type-product","3":"status-publish","4":"has-post-thumbnail","6":"product_cat-home","7":"product_cat-uncategorized","8":"product_cat-fun","9":"product_cat-health","11":"first","12":"instock","13":"sale","14":"taxable","15":"shipping-taxable","16":"purchasable","17":"product-type-simple"},"acf":[],"_links":{"self":[{"href":"https:\/\/linoexpress.com\/sk\/wp-json\/wp\/v2\/product\/17578","targetHints":{"allow":["GET"]}}],"collection":[{"href":"https:\/\/linoexpress.com\/sk\/wp-json\/wp\/v2\/product"}],"about":[{"href":"https:\/\/linoexpress.com\/sk\/wp-json\/wp\/v2\/types\/product"}],"replies":[{"embeddable":true,"href":"https:\/\/linoexpress.com\/sk\/wp-json\/wp\/v2\/comments?post=17578"}],"wp:featuredmedia":[{"embeddable":true,"href":"https:\/\/linoexpress.com\/sk\/wp-json\/wp\/v2\/media\/17580"}],"wp:attachment":[{"href":"https:\/\/linoexpress.com\/sk\/wp-json\/wp\/v2\/media?parent=17578"}],"wp:term":[{"taxonomy":"product_brand","embeddable":true,"href":"https:\/\/linoexpress.com\/sk\/wp-json\/wp\/v2\/product_brand?post=17578"},{"taxonomy":"product_cat","embeddable":true,"href":"https:\/\/linoexpress.com\/sk\/wp-json\/wp\/v2\/product_cat?post=17578"},{"taxonomy":"product_tag","embeddable":true,"href":"https:\/\/linoexpress.com\/sk\/wp-json\/wp\/v2\/product_tag?post=17578"}],"curies":[{"name":"wp","href":"https:\/\/api.w.org\/{rel}","templated":true}]}}