{"id":17603,"date":"2025-11-13T17:04:02","date_gmt":"2025-11-13T16:04:02","guid":{"rendered":"https:\/\/linoexpress.com\/sk\/produkt\/zp20-product\/"},"modified":"2025-11-13T20:30:45","modified_gmt":"2025-11-13T19:30:45","slug":"turbo-dvojita-nastenna-nabijacka-20w","status":"publish","type":"product","link":"https:\/\/linoexpress.com\/sk\/produkt\/turbo-dvojita-nastenna-nabijacka-20w\/","title":{"rendered":"Turbo dvojit\u00e1 n\u00e1stenn\u00e1 nab\u00edja\u010dka 20W"},"content":{"rendered":"","protected":false},"excerpt":{"rendered":"<p>R\u00fdchlo nabite v\u0161etky svoje zariadenia s Turbo dvojitou n\u00e1stennou nab\u00edja\u010dkou 20W. Kompaktn\u00e1, spo\u013eahliv\u00e1 a inteligentn\u00e1 \u2013 t\u00e1to nab\u00edja\u010dka vyu\u017e\u00edva pokro\u010dil\u00fa technol\u00f3giu na r\u00fdchle a bezpe\u010dn\u00e9 nab\u00edjanie telef\u00f3nov, tabletov, konzol a in\u00fdch zariaden\u00ed. Zabudovan\u00fd zas\u00favac\u00ed k\u00e1bel a viacvrstvov\u00e1 ochrana ju robia praktickou pre ka\u017ed\u00fa pr\u00edle\u017eitos\u0165: doma, v pr\u00e1ci alebo na cest\u00e1ch.<\/p>\n","protected":false},"featured_media":17604,"comment_status":"closed","ping_status":"closed","template":"","meta":{"inline_featured_image":false},"product_brand":[],"product_cat":[25,27,24,15,35],"product_tag":[],"class_list":{"0":"post-17603","1":"product","2":"type-product","3":"status-publish","4":"has-post-thumbnail","6":"product_cat-car","7":"product_cat-home","8":"product_cat-sale","9":"product_cat-uncategorized","10":"product_cat-fun","12":"first","13":"instock","14":"sale","15":"taxable","16":"shipping-taxable","17":"purchasable","18":"product-type-simple"},"acf":[],"_links":{"self":[{"href":"https:\/\/linoexpress.com\/sk\/wp-json\/wp\/v2\/product\/17603","targetHints":{"allow":["GET"]}}],"collection":[{"href":"https:\/\/linoexpress.com\/sk\/wp-json\/wp\/v2\/product"}],"about":[{"href":"https:\/\/linoexpress.com\/sk\/wp-json\/wp\/v2\/types\/product"}],"replies":[{"embeddable":true,"href":"https:\/\/linoexpress.com\/sk\/wp-json\/wp\/v2\/comments?post=17603"}],"wp:featuredmedia":[{"embeddable":true,"href":"https:\/\/linoexpress.com\/sk\/wp-json\/wp\/v2\/media\/17604"}],"wp:attachment":[{"href":"https:\/\/linoexpress.com\/sk\/wp-json\/wp\/v2\/media?parent=17603"}],"wp:term":[{"taxonomy":"product_brand","embeddable":true,"href":"https:\/\/linoexpress.com\/sk\/wp-json\/wp\/v2\/product_brand?post=17603"},{"taxonomy":"product_cat","embeddable":true,"href":"https:\/\/linoexpress.com\/sk\/wp-json\/wp\/v2\/product_cat?post=17603"},{"taxonomy":"product_tag","embeddable":true,"href":"https:\/\/linoexpress.com\/sk\/wp-json\/wp\/v2\/product_tag?post=17603"}],"curies":[{"name":"wp","href":"https:\/\/api.w.org\/{rel}","templated":true}]}}