{"id":18530,"date":"2025-12-10T07:48:46","date_gmt":"2025-12-10T06:48:46","guid":{"rendered":"https:\/\/linoexpress.com\/sk\/produkt\/sn-mask-product\/"},"modified":"2025-12-11T14:49:19","modified_gmt":"2025-12-11T13:49:19","slug":"snezna-ninja-maska","status":"publish","type":"product","link":"https:\/\/linoexpress.com\/sk\/produkt\/snezna-ninja-maska\/","title":{"rendered":"Sne\u017en\u00e1 ninja maska"},"content":{"rendered":"","protected":false},"excerpt":{"rendered":"<p>Sne\u017en\u00e1 Ninja maska je tvoj nenahradite\u013en\u00fd spojenec na svahoch! Kombinuje ochranu, pohodlie a \u0161t\u00fdl v jednom. T\u00e1to multifunk\u010dn\u00e1 maska prich\u00e1dza s odn\u00edmate\u013enou maskou na tv\u00e1r a okuliarmi proti zahmlievaniu, ktor\u00e9 poskytuj\u00fa jasn\u00fa vidite\u013enos\u0165 a \u00fapln\u00fa ochranu pred vetrom, snehom a UV \u017eiaren\u00edm. Perfektn\u00e1 na ly\u017eovanie, snowboard alebo ak\u00e9ko\u013evek zimn\u00e9 dobrodru\u017estvo!<\/p>\n","protected":false},"featured_media":18531,"comment_status":"closed","ping_status":"closed","template":"","meta":{"inline_featured_image":false},"product_brand":[],"product_cat":[24,15,35],"product_tag":[],"class_list":{"0":"post-18530","1":"product","2":"type-product","3":"status-publish","4":"has-post-thumbnail","6":"product_cat-sale","7":"product_cat-uncategorized","8":"product_cat-fun","10":"first","11":"instock","12":"sale","13":"taxable","14":"shipping-taxable","15":"purchasable","16":"product-type-simple"},"acf":[],"_links":{"self":[{"href":"https:\/\/linoexpress.com\/sk\/wp-json\/wp\/v2\/product\/18530","targetHints":{"allow":["GET"]}}],"collection":[{"href":"https:\/\/linoexpress.com\/sk\/wp-json\/wp\/v2\/product"}],"about":[{"href":"https:\/\/linoexpress.com\/sk\/wp-json\/wp\/v2\/types\/product"}],"replies":[{"embeddable":true,"href":"https:\/\/linoexpress.com\/sk\/wp-json\/wp\/v2\/comments?post=18530"}],"wp:featuredmedia":[{"embeddable":true,"href":"https:\/\/linoexpress.com\/sk\/wp-json\/wp\/v2\/media\/18531"}],"wp:attachment":[{"href":"https:\/\/linoexpress.com\/sk\/wp-json\/wp\/v2\/media?parent=18530"}],"wp:term":[{"taxonomy":"product_brand","embeddable":true,"href":"https:\/\/linoexpress.com\/sk\/wp-json\/wp\/v2\/product_brand?post=18530"},{"taxonomy":"product_cat","embeddable":true,"href":"https:\/\/linoexpress.com\/sk\/wp-json\/wp\/v2\/product_cat?post=18530"},{"taxonomy":"product_tag","embeddable":true,"href":"https:\/\/linoexpress.com\/sk\/wp-json\/wp\/v2\/product_tag?post=18530"}],"curies":[{"name":"wp","href":"https:\/\/api.w.org\/{rel}","templated":true}]}}