{"id":18844,"date":"2025-12-15T12:05:24","date_gmt":"2025-12-15T11:05:24","guid":{"rendered":"https:\/\/linoexpress.com\/sk\/produkt\/jazdog-product\/"},"modified":"2026-03-11T00:37:12","modified_gmt":"2026-03-10T23:37:12","slug":"inteligentny-plysovy-pes-jazvecik","status":"publish","type":"product","link":"https:\/\/linoexpress.com\/sk\/produkt\/inteligentny-plysovy-pes-jazvecik\/","title":{"rendered":"Inteligentn\u00fd ply\u0161ov\u00fd pes jazve\u010d\u00edk"},"content":{"rendered":"","protected":false},"excerpt":{"rendered":"<p>Zozn\u00e1mte sa s ply\u0161ov\u00fdm mil\u00e1\u010dikom, ktor\u00fd reaguje ako skuto\u010dn\u00fd jazve\u010d\u00edk.<\/p>\n<p>V\u010faka inteligentnej technol\u00f3gii pohybu rozpozn\u00e1va dotyk a reaguje ch\u00f4dzou, m\u00e1van\u00edm chvosta a jemn\u00fdmi pohybmi hlavy.<\/p>\n<p>Je dokonal\u00fd ako emocion\u00e1lny spolo\u010dn\u00edk, dar\u010dek alebo \u00fatecha v ka\u017edej dom\u00e1cnosti.<\/p>\n","protected":false},"featured_media":18845,"comment_status":"closed","ping_status":"closed","template":"","meta":{"inline_featured_image":false},"product_brand":[],"product_cat":[27,24,15,35],"product_tag":[],"class_list":{"0":"post-18844","1":"product","2":"type-product","3":"status-publish","4":"has-post-thumbnail","6":"product_cat-home","7":"product_cat-sale","8":"product_cat-uncategorized","9":"product_cat-fun","11":"first","12":"instock","13":"sale","14":"taxable","15":"shipping-taxable","16":"purchasable","17":"product-type-simple"},"acf":[],"_links":{"self":[{"href":"https:\/\/linoexpress.com\/sk\/wp-json\/wp\/v2\/product\/18844","targetHints":{"allow":["GET"]}}],"collection":[{"href":"https:\/\/linoexpress.com\/sk\/wp-json\/wp\/v2\/product"}],"about":[{"href":"https:\/\/linoexpress.com\/sk\/wp-json\/wp\/v2\/types\/product"}],"replies":[{"embeddable":true,"href":"https:\/\/linoexpress.com\/sk\/wp-json\/wp\/v2\/comments?post=18844"}],"wp:featuredmedia":[{"embeddable":true,"href":"https:\/\/linoexpress.com\/sk\/wp-json\/wp\/v2\/media\/18845"}],"wp:attachment":[{"href":"https:\/\/linoexpress.com\/sk\/wp-json\/wp\/v2\/media?parent=18844"}],"wp:term":[{"taxonomy":"product_brand","embeddable":true,"href":"https:\/\/linoexpress.com\/sk\/wp-json\/wp\/v2\/product_brand?post=18844"},{"taxonomy":"product_cat","embeddable":true,"href":"https:\/\/linoexpress.com\/sk\/wp-json\/wp\/v2\/product_cat?post=18844"},{"taxonomy":"product_tag","embeddable":true,"href":"https:\/\/linoexpress.com\/sk\/wp-json\/wp\/v2\/product_tag?post=18844"}],"curies":[{"name":"wp","href":"https:\/\/api.w.org\/{rel}","templated":true}]}}