{"id":19323,"date":"2026-01-04T02:17:57","date_gmt":"2026-01-04T01:17:57","guid":{"rendered":"https:\/\/linoexpress.com\/sk\/produkt\/autovariacija-product\/"},"modified":"2026-01-04T10:18:41","modified_gmt":"2026-01-04T09:18:41","slug":"detska-motokara-2-v-1-automobil","status":"publish","type":"product","link":"https:\/\/linoexpress.com\/sk\/produkt\/detska-motokara-2-v-1-automobil\/","title":{"rendered":"Detsk\u00e1 motok\u00e1ra &#8211; 2 v 1 automobil"},"content":{"rendered":"","protected":false},"excerpt":{"rendered":"<p>Toto multifunk\u010dn\u00e9 detsk\u00e9 vozidlo umo\u017e\u0148uje dvojit\u00fa z\u00e1bavu &#8211; ru\u010dn\u00fa a elektrick\u00fa jazdu! Perfektn\u00e9 na hranie doma aj vonku, je \u013eahk\u00e9, skladacie a \u013eahko ovl\u00e1date\u013en\u00e9. Stabiln\u00e1 kon\u0161trukcia a bezpe\u010dnostn\u00e9 funkcie poskytuj\u00fa de\u0165om bezstarostn\u00fa a vzru\u0161uj\u00facu jazdu.<\/p>\n","protected":false},"featured_media":19324,"comment_status":"closed","ping_status":"closed","template":"","meta":{"inline_featured_image":false},"product_brand":[],"product_cat":[27,24,15,35],"product_tag":[],"class_list":{"0":"post-19323","1":"product","2":"type-product","3":"status-publish","4":"has-post-thumbnail","6":"product_cat-home","7":"product_cat-sale","8":"product_cat-uncategorized","9":"product_cat-fun","11":"first","12":"instock","13":"sale","14":"taxable","15":"shipping-taxable","16":"purchasable","17":"product-type-variable"},"acf":[],"_links":{"self":[{"href":"https:\/\/linoexpress.com\/sk\/wp-json\/wp\/v2\/product\/19323","targetHints":{"allow":["GET"]}}],"collection":[{"href":"https:\/\/linoexpress.com\/sk\/wp-json\/wp\/v2\/product"}],"about":[{"href":"https:\/\/linoexpress.com\/sk\/wp-json\/wp\/v2\/types\/product"}],"replies":[{"embeddable":true,"href":"https:\/\/linoexpress.com\/sk\/wp-json\/wp\/v2\/comments?post=19323"}],"wp:featuredmedia":[{"embeddable":true,"href":"https:\/\/linoexpress.com\/sk\/wp-json\/wp\/v2\/media\/19324"}],"wp:attachment":[{"href":"https:\/\/linoexpress.com\/sk\/wp-json\/wp\/v2\/media?parent=19323"}],"wp:term":[{"taxonomy":"product_brand","embeddable":true,"href":"https:\/\/linoexpress.com\/sk\/wp-json\/wp\/v2\/product_brand?post=19323"},{"taxonomy":"product_cat","embeddable":true,"href":"https:\/\/linoexpress.com\/sk\/wp-json\/wp\/v2\/product_cat?post=19323"},{"taxonomy":"product_tag","embeddable":true,"href":"https:\/\/linoexpress.com\/sk\/wp-json\/wp\/v2\/product_tag?post=19323"}],"curies":[{"name":"wp","href":"https:\/\/api.w.org\/{rel}","templated":true}]}}