{"id":19350,"date":"2026-01-04T20:25:27","date_gmt":"2026-01-04T19:25:27","guid":{"rendered":"https:\/\/linoexpress.com\/sk\/produkt\/catch-product\/"},"modified":"2026-03-11T00:37:00","modified_gmt":"2026-03-10T23:37:00","slug":"humanna-viacnasobna-pasca-na-hlodavce","status":"publish","type":"product","link":"https:\/\/linoexpress.com\/sk\/produkt\/humanna-viacnasobna-pasca-na-hlodavce\/","title":{"rendered":"Hum\u00e1nna viacn\u00e1sobn\u00e1 pasca na hlodavce"},"content":{"rendered":"","protected":false},"excerpt":{"rendered":"<p>Hum\u00e1nna viacn\u00e1sobn\u00e1 pasca na hlodavce umo\u017e\u0148uje bezpe\u010dn\u00e9 chytanie my\u0161\u00ed a in\u00fdch men\u0161\u00edch hlodavcov bez zranenia a zab\u00edjania. Je vyroben\u00e1 z kvalitnej pozinkovanej ocele, vhodn\u00e1 na vn\u00fatorn\u00e9 aj vonkaj\u0161ie pou\u017eitie. Ide\u00e1lne rie\u0161enie pre v\u0161etk\u00fdch, ktor\u00ed chc\u00fa efekt\u00edvnu, etick\u00fa a dlhodob\u00fa kontrolu hlodavcov.<\/p>\n","protected":false},"featured_media":19351,"comment_status":"closed","ping_status":"closed","template":"","meta":{"inline_featured_image":false},"product_brand":[],"product_cat":[27,24,15,35],"product_tag":[],"class_list":{"0":"post-19350","1":"product","2":"type-product","3":"status-publish","4":"has-post-thumbnail","6":"product_cat-home","7":"product_cat-sale","8":"product_cat-uncategorized","9":"product_cat-fun","11":"first","12":"instock","13":"sale","14":"taxable","15":"shipping-taxable","16":"purchasable","17":"product-type-simple"},"acf":[],"_links":{"self":[{"href":"https:\/\/linoexpress.com\/sk\/wp-json\/wp\/v2\/product\/19350","targetHints":{"allow":["GET"]}}],"collection":[{"href":"https:\/\/linoexpress.com\/sk\/wp-json\/wp\/v2\/product"}],"about":[{"href":"https:\/\/linoexpress.com\/sk\/wp-json\/wp\/v2\/types\/product"}],"replies":[{"embeddable":true,"href":"https:\/\/linoexpress.com\/sk\/wp-json\/wp\/v2\/comments?post=19350"}],"wp:featuredmedia":[{"embeddable":true,"href":"https:\/\/linoexpress.com\/sk\/wp-json\/wp\/v2\/media\/19351"}],"wp:attachment":[{"href":"https:\/\/linoexpress.com\/sk\/wp-json\/wp\/v2\/media?parent=19350"}],"wp:term":[{"taxonomy":"product_brand","embeddable":true,"href":"https:\/\/linoexpress.com\/sk\/wp-json\/wp\/v2\/product_brand?post=19350"},{"taxonomy":"product_cat","embeddable":true,"href":"https:\/\/linoexpress.com\/sk\/wp-json\/wp\/v2\/product_cat?post=19350"},{"taxonomy":"product_tag","embeddable":true,"href":"https:\/\/linoexpress.com\/sk\/wp-json\/wp\/v2\/product_tag?post=19350"}],"curies":[{"name":"wp","href":"https:\/\/api.w.org\/{rel}","templated":true}]}}