{"id":19368,"date":"2026-01-04T23:06:39","date_gmt":"2026-01-04T22:06:39","guid":{"rendered":"https:\/\/linoexpress.com\/sk\/produkt\/cat135-product\/"},"modified":"2026-03-11T00:36:51","modified_gmt":"2026-03-10T23:36:51","slug":"macacia-umelecka-skladacka-set-zo-135-drevenych-dielov","status":"publish","type":"product","link":"https:\/\/linoexpress.com\/sk\/produkt\/macacia-umelecka-skladacka-set-zo-135-drevenych-dielov\/","title":{"rendered":"Ma\u010dacia umeleck\u00e1 sklada\u010dka \u2013 set zo 135 dreven\u00fdch dielov"},"content":{"rendered":"","protected":false},"excerpt":{"rendered":"<p>Ma\u010dacia umeleck\u00e1 sklada\u010dka zo 135 dreven\u00fdch dielov prin\u00e1\u0161a jemn\u00e9 pastelov\u00e9 t\u00f3ny a jedine\u010dn\u00fd tvar ma\u010dky, ktor\u00fd poskytuje \u0161peci\u00e1lny z\u00e1\u017eitok zo skladania. Ka\u017ed\u00fd diel je inak tvarovan\u00fd, \u010do rob\u00ed skladanie zauj\u00edmav\u00fdm, n\u00e1ro\u010dn\u00fdm a z\u00e1rove\u0148 relaxa\u010dn\u00fdm. Po zlo\u017een\u00ed sa sklada\u010dka men\u00ed na dekorat\u00edvny detail, ktor\u00fd prin\u00e1\u0161a teplo do priestoru.<\/p>\n","protected":false},"featured_media":19369,"comment_status":"closed","ping_status":"closed","template":"","meta":{"inline_featured_image":false},"product_brand":[],"product_cat":[27,24,15,35],"product_tag":[],"class_list":{"0":"post-19368","1":"product","2":"type-product","3":"status-publish","4":"has-post-thumbnail","6":"product_cat-home","7":"product_cat-sale","8":"product_cat-uncategorized","9":"product_cat-fun","11":"first","12":"instock","13":"sale","14":"taxable","15":"shipping-taxable","16":"purchasable","17":"product-type-simple"},"acf":[],"_links":{"self":[{"href":"https:\/\/linoexpress.com\/sk\/wp-json\/wp\/v2\/product\/19368","targetHints":{"allow":["GET"]}}],"collection":[{"href":"https:\/\/linoexpress.com\/sk\/wp-json\/wp\/v2\/product"}],"about":[{"href":"https:\/\/linoexpress.com\/sk\/wp-json\/wp\/v2\/types\/product"}],"replies":[{"embeddable":true,"href":"https:\/\/linoexpress.com\/sk\/wp-json\/wp\/v2\/comments?post=19368"}],"wp:featuredmedia":[{"embeddable":true,"href":"https:\/\/linoexpress.com\/sk\/wp-json\/wp\/v2\/media\/19369"}],"wp:attachment":[{"href":"https:\/\/linoexpress.com\/sk\/wp-json\/wp\/v2\/media?parent=19368"}],"wp:term":[{"taxonomy":"product_brand","embeddable":true,"href":"https:\/\/linoexpress.com\/sk\/wp-json\/wp\/v2\/product_brand?post=19368"},{"taxonomy":"product_cat","embeddable":true,"href":"https:\/\/linoexpress.com\/sk\/wp-json\/wp\/v2\/product_cat?post=19368"},{"taxonomy":"product_tag","embeddable":true,"href":"https:\/\/linoexpress.com\/sk\/wp-json\/wp\/v2\/product_tag?post=19368"}],"curies":[{"name":"wp","href":"https:\/\/api.w.org\/{rel}","templated":true}]}}