{"id":19380,"date":"2026-01-05T01:37:46","date_gmt":"2026-01-05T00:37:46","guid":{"rendered":"https:\/\/linoexpress.com\/sk\/produkt\/bfly-product\/"},"modified":"2026-03-11T00:36:42","modified_gmt":"2026-03-10T23:36:42","slug":"komplet-nahrdelnik-a-naramok-magicky-motyl","status":"publish","type":"product","link":"https:\/\/linoexpress.com\/sk\/produkt\/komplet-nahrdelnik-a-naramok-magicky-motyl\/","title":{"rendered":"Komplet n\u00e1hrdeln\u00edk a n\u00e1ramok Magick\u00fd mot\u00fd\u013e"},"content":{"rendered":"","protected":false},"excerpt":{"rendered":"<p>Tento o\u010daruj\u00faci set obsahuje n\u00e1hrdeln\u00edk a n\u00e1ramok s modr\u00fdmi mot\u00fd\u013emi, ktor\u00e9 jemne svietia v tme. Je ide\u00e1lny na \u0161peci\u00e1lne pr\u00edle\u017eitosti alebo na ka\u017edodenn\u00e9 nosenie, prid\u00e1vaj\u00fac v\u00e1\u0161mu vzh\u013eadu n\u00e1dych m\u00e1gie a elegancie. \u013dahk\u00fd a pohodln\u00fd, nesie tich\u00fa m\u00e1giu, ktor\u00e1 nikdy neostane nepov\u0161imnut\u00e1.<\/p>\n","protected":false},"featured_media":19381,"comment_status":"closed","ping_status":"closed","template":"","meta":{"inline_featured_image":false},"product_brand":[],"product_cat":[27,28,15,35],"product_tag":[],"class_list":{"0":"post-19380","1":"product","2":"type-product","3":"status-publish","4":"has-post-thumbnail","6":"product_cat-home","7":"product_cat-beauty","8":"product_cat-uncategorized","9":"product_cat-fun","11":"first","12":"instock","13":"sale","14":"taxable","15":"shipping-taxable","16":"purchasable","17":"product-type-simple"},"acf":[],"_links":{"self":[{"href":"https:\/\/linoexpress.com\/sk\/wp-json\/wp\/v2\/product\/19380","targetHints":{"allow":["GET"]}}],"collection":[{"href":"https:\/\/linoexpress.com\/sk\/wp-json\/wp\/v2\/product"}],"about":[{"href":"https:\/\/linoexpress.com\/sk\/wp-json\/wp\/v2\/types\/product"}],"replies":[{"embeddable":true,"href":"https:\/\/linoexpress.com\/sk\/wp-json\/wp\/v2\/comments?post=19380"}],"wp:featuredmedia":[{"embeddable":true,"href":"https:\/\/linoexpress.com\/sk\/wp-json\/wp\/v2\/media\/19381"}],"wp:attachment":[{"href":"https:\/\/linoexpress.com\/sk\/wp-json\/wp\/v2\/media?parent=19380"}],"wp:term":[{"taxonomy":"product_brand","embeddable":true,"href":"https:\/\/linoexpress.com\/sk\/wp-json\/wp\/v2\/product_brand?post=19380"},{"taxonomy":"product_cat","embeddable":true,"href":"https:\/\/linoexpress.com\/sk\/wp-json\/wp\/v2\/product_cat?post=19380"},{"taxonomy":"product_tag","embeddable":true,"href":"https:\/\/linoexpress.com\/sk\/wp-json\/wp\/v2\/product_tag?post=19380"}],"curies":[{"name":"wp","href":"https:\/\/api.w.org\/{rel}","templated":true}]}}