{"id":19564,"date":"2026-01-19T11:40:13","date_gmt":"2026-01-19T10:40:13","guid":{"rendered":"https:\/\/linoexpress.com\/sk\/produkt\/batpmp-product\/"},"modified":"2026-03-11T00:36:32","modified_gmt":"2026-03-10T23:36:32","slug":"prenosna-hadica-s-pumpou","status":"publish","type":"product","link":"https:\/\/linoexpress.com\/sk\/produkt\/prenosna-hadica-s-pumpou\/","title":{"rendered":"Prenosn\u00e1 hadica s pumpou"},"content":{"rendered":"","protected":false},"excerpt":{"rendered":"<p>Prenosn\u00e1 bat\u00e9riov\u00e1 pumpa umo\u017e\u0148uje r\u00fdchle, \u010dist\u00e9 a bezpe\u010dn\u00e9 prelievanie tekut\u00edn bez \u0165a\u017ek\u00e9ho zdv\u00edhania. Funguje na bat\u00e9rie a \u013eahko sa pou\u017e\u00edva jednou rukou, \u010do ju rob\u00ed ide\u00e1lnou pre palivo, vodu a in\u00e9 tekutiny. Je perfektn\u00e1 pre dom\u00e1ce, profesion\u00e1lne a n\u00fadzov\u00e9 pou\u017eitie.<\/p>\n","protected":false},"featured_media":19565,"comment_status":"closed","ping_status":"closed","template":"","meta":{"inline_featured_image":false},"product_brand":[],"product_cat":[25,27,15,35],"product_tag":[],"class_list":{"0":"post-19564","1":"product","2":"type-product","3":"status-publish","4":"has-post-thumbnail","6":"product_cat-car","7":"product_cat-home","8":"product_cat-uncategorized","9":"product_cat-fun","11":"first","12":"instock","13":"sale","14":"taxable","15":"shipping-taxable","16":"purchasable","17":"product-type-simple"},"acf":[],"_links":{"self":[{"href":"https:\/\/linoexpress.com\/sk\/wp-json\/wp\/v2\/product\/19564","targetHints":{"allow":["GET"]}}],"collection":[{"href":"https:\/\/linoexpress.com\/sk\/wp-json\/wp\/v2\/product"}],"about":[{"href":"https:\/\/linoexpress.com\/sk\/wp-json\/wp\/v2\/types\/product"}],"replies":[{"embeddable":true,"href":"https:\/\/linoexpress.com\/sk\/wp-json\/wp\/v2\/comments?post=19564"}],"wp:featuredmedia":[{"embeddable":true,"href":"https:\/\/linoexpress.com\/sk\/wp-json\/wp\/v2\/media\/19565"}],"wp:attachment":[{"href":"https:\/\/linoexpress.com\/sk\/wp-json\/wp\/v2\/media?parent=19564"}],"wp:term":[{"taxonomy":"product_brand","embeddable":true,"href":"https:\/\/linoexpress.com\/sk\/wp-json\/wp\/v2\/product_brand?post=19564"},{"taxonomy":"product_cat","embeddable":true,"href":"https:\/\/linoexpress.com\/sk\/wp-json\/wp\/v2\/product_cat?post=19564"},{"taxonomy":"product_tag","embeddable":true,"href":"https:\/\/linoexpress.com\/sk\/wp-json\/wp\/v2\/product_tag?post=19564"}],"curies":[{"name":"wp","href":"https:\/\/api.w.org\/{rel}","templated":true}]}}