{"id":19576,"date":"2026-01-19T12:23:52","date_gmt":"2026-01-19T11:23:52","guid":{"rendered":"https:\/\/linoexpress.com\/sk\/produkt\/hood-product\/"},"modified":"2026-03-11T00:36:22","modified_gmt":"2026-03-10T23:36:22","slug":"viacucelovy-vykonny-ventilator","status":"publish","type":"product","link":"https:\/\/linoexpress.com\/sk\/produkt\/viacucelovy-vykonny-ventilator\/","title":{"rendered":"Viac\u00fa\u010delov\u00fd v\u00fdkonn\u00fd ventil\u00e1tor"},"content":{"rendered":"","protected":false},"excerpt":{"rendered":"<p>Tento viac\u00fa\u010delov\u00fd ods\u00e1vac\u00ed ventil\u00e1tor poskytuje siln\u00fd pr\u00fad vzduchu s mimoriadne tichou prev\u00e1dzkou. Efekt\u00edvne odstra\u0148uje vlhkos\u0165, pachy a dym, \u010d\u00edm zlep\u0161uje kvalitu vzduchu v ka\u017edom priestore. Je ide\u00e1lny pre kuchyne, k\u00fape\u013ene, kancel\u00e1rie a komer\u010dn\u00e9 objekty.<\/p>\n","protected":false},"featured_media":19577,"comment_status":"closed","ping_status":"closed","template":"","meta":{"inline_featured_image":false},"product_brand":[],"product_cat":[27,24,15,35],"product_tag":[],"class_list":{"0":"post-19576","1":"product","2":"type-product","3":"status-publish","4":"has-post-thumbnail","6":"product_cat-home","7":"product_cat-sale","8":"product_cat-uncategorized","9":"product_cat-fun","11":"first","12":"instock","13":"sale","14":"taxable","15":"shipping-taxable","16":"purchasable","17":"product-type-simple"},"acf":[],"_links":{"self":[{"href":"https:\/\/linoexpress.com\/sk\/wp-json\/wp\/v2\/product\/19576","targetHints":{"allow":["GET"]}}],"collection":[{"href":"https:\/\/linoexpress.com\/sk\/wp-json\/wp\/v2\/product"}],"about":[{"href":"https:\/\/linoexpress.com\/sk\/wp-json\/wp\/v2\/types\/product"}],"replies":[{"embeddable":true,"href":"https:\/\/linoexpress.com\/sk\/wp-json\/wp\/v2\/comments?post=19576"}],"wp:featuredmedia":[{"embeddable":true,"href":"https:\/\/linoexpress.com\/sk\/wp-json\/wp\/v2\/media\/19577"}],"wp:attachment":[{"href":"https:\/\/linoexpress.com\/sk\/wp-json\/wp\/v2\/media?parent=19576"}],"wp:term":[{"taxonomy":"product_brand","embeddable":true,"href":"https:\/\/linoexpress.com\/sk\/wp-json\/wp\/v2\/product_brand?post=19576"},{"taxonomy":"product_cat","embeddable":true,"href":"https:\/\/linoexpress.com\/sk\/wp-json\/wp\/v2\/product_cat?post=19576"},{"taxonomy":"product_tag","embeddable":true,"href":"https:\/\/linoexpress.com\/sk\/wp-json\/wp\/v2\/product_tag?post=19576"}],"curies":[{"name":"wp","href":"https:\/\/api.w.org\/{rel}","templated":true}]}}