{"id":19593,"date":"2026-01-19T21:43:49","date_gmt":"2026-01-19T20:43:49","guid":{"rendered":"https:\/\/linoexpress.com\/sk\/produkt\/pants-product\/"},"modified":"2026-03-11T00:36:12","modified_gmt":"2026-03-10T23:36:12","slug":"blazniva-zahradna-hra-granny-pants","status":"publish","type":"product","link":"https:\/\/linoexpress.com\/sk\/produkt\/blazniva-zahradna-hra-granny-pants\/","title":{"rendered":"Bl\u00e1zniv\u00e1 z\u00e1hradn\u00e1 hra &#8211; Granny Pants"},"content":{"rendered":"","protected":false},"excerpt":{"rendered":"<p>Vst\u00fapte do nezabudnute\u013enej z\u00e1bavy s Granny Pants, bl\u00e1znivou dvorovou hrou, ktor\u00e1 zaru\u010duje smiech, pohyb a spolo\u010densk\u00e9 stretnutia pre cel\u00fa rodinu a priate\u013eov. Je ide\u00e1lna pre dvory, grilova\u010dky, narodeniny, \u0161kolsk\u00e9 aktivity a teambuildingov\u00e9 podujatia. Jednoduch\u00e1 na zostavenie, univerz\u00e1lnej ve\u013ekosti a prisp\u00f4soben\u00e1 v\u0161etk\u00fdm vekov\u00fdm kateg\u00f3ri\u00e1m, r\u00fdchlo sa st\u00e1va hlavnou atrakciou ka\u017ed\u00e9ho stretnutia.<\/p>\n","protected":false},"featured_media":19594,"comment_status":"closed","ping_status":"closed","template":"","meta":{"inline_featured_image":false},"product_brand":[],"product_cat":[27,24,15,35],"product_tag":[],"class_list":{"0":"post-19593","1":"product","2":"type-product","3":"status-publish","4":"has-post-thumbnail","6":"product_cat-home","7":"product_cat-sale","8":"product_cat-uncategorized","9":"product_cat-fun","11":"first","12":"instock","13":"sale","14":"taxable","15":"shipping-taxable","16":"purchasable","17":"product-type-simple"},"acf":[],"_links":{"self":[{"href":"https:\/\/linoexpress.com\/sk\/wp-json\/wp\/v2\/product\/19593","targetHints":{"allow":["GET"]}}],"collection":[{"href":"https:\/\/linoexpress.com\/sk\/wp-json\/wp\/v2\/product"}],"about":[{"href":"https:\/\/linoexpress.com\/sk\/wp-json\/wp\/v2\/types\/product"}],"replies":[{"embeddable":true,"href":"https:\/\/linoexpress.com\/sk\/wp-json\/wp\/v2\/comments?post=19593"}],"wp:featuredmedia":[{"embeddable":true,"href":"https:\/\/linoexpress.com\/sk\/wp-json\/wp\/v2\/media\/19594"}],"wp:attachment":[{"href":"https:\/\/linoexpress.com\/sk\/wp-json\/wp\/v2\/media?parent=19593"}],"wp:term":[{"taxonomy":"product_brand","embeddable":true,"href":"https:\/\/linoexpress.com\/sk\/wp-json\/wp\/v2\/product_brand?post=19593"},{"taxonomy":"product_cat","embeddable":true,"href":"https:\/\/linoexpress.com\/sk\/wp-json\/wp\/v2\/product_cat?post=19593"},{"taxonomy":"product_tag","embeddable":true,"href":"https:\/\/linoexpress.com\/sk\/wp-json\/wp\/v2\/product_tag?post=19593"}],"curies":[{"name":"wp","href":"https:\/\/api.w.org\/{rel}","templated":true}]}}