{"id":19612,"date":"2026-01-20T00:56:50","date_gmt":"2026-01-19T23:56:50","guid":{"rendered":"https:\/\/linoexpress.com\/sk\/produkt\/bref-product\/"},"modified":"2026-01-20T00:41:06","modified_gmt":"2026-01-19T23:41:06","slug":"reflexna-lopticka-na-cvicenie-rychlosti-a-koordinacie","status":"publish","type":"product","link":"https:\/\/linoexpress.com\/sk\/produkt\/reflexna-lopticka-na-cvicenie-rychlosti-a-koordinacie\/","title":{"rendered":"Reflexn\u00e1 lopti\u010dka na cvi\u010denie r\u00fdchlosti a koordin\u00e1cie"},"content":{"rendered":"","protected":false},"excerpt":{"rendered":"<p>Reflexn\u00e1 boxersk\u00e1 lopti\u010dka je praktick\u00e1 tr\u00e9ningov\u00e1 pom\u00f4cka na zlep\u0161enie r\u00fdchlosti, zamerania a koordin\u00e1cie ruka &#8211; oko. Ide\u00e1lna je pre boxerov, \u0161portovcov a rekrea\u010dn\u00fdch \u0161portovcov v\u0161etk\u00fdch vekov\u00fdch kateg\u00f3ri\u00ed, ako aj na dom\u00e1ce cvi\u010denie. \u013dahk\u00e1, nastavite\u013en\u00e1 a jednoduch\u00e1 na pou\u017eitie, umo\u017e\u0148uje efekt\u00edvny tr\u00e9ning kdeko\u013evek sa nach\u00e1dzate.<\/p>\n","protected":false},"featured_media":19613,"comment_status":"closed","ping_status":"closed","template":"","meta":{"inline_featured_image":false},"product_brand":[],"product_cat":[27,15,35,26],"product_tag":[],"class_list":{"0":"post-19612","1":"product","2":"type-product","3":"status-publish","4":"has-post-thumbnail","6":"product_cat-home","7":"product_cat-uncategorized","8":"product_cat-fun","9":"product_cat-health","11":"first","12":"instock","13":"sale","14":"taxable","15":"shipping-taxable","16":"purchasable","17":"product-type-simple"},"acf":[],"_links":{"self":[{"href":"https:\/\/linoexpress.com\/sk\/wp-json\/wp\/v2\/product\/19612","targetHints":{"allow":["GET"]}}],"collection":[{"href":"https:\/\/linoexpress.com\/sk\/wp-json\/wp\/v2\/product"}],"about":[{"href":"https:\/\/linoexpress.com\/sk\/wp-json\/wp\/v2\/types\/product"}],"replies":[{"embeddable":true,"href":"https:\/\/linoexpress.com\/sk\/wp-json\/wp\/v2\/comments?post=19612"}],"wp:featuredmedia":[{"embeddable":true,"href":"https:\/\/linoexpress.com\/sk\/wp-json\/wp\/v2\/media\/19613"}],"wp:attachment":[{"href":"https:\/\/linoexpress.com\/sk\/wp-json\/wp\/v2\/media?parent=19612"}],"wp:term":[{"taxonomy":"product_brand","embeddable":true,"href":"https:\/\/linoexpress.com\/sk\/wp-json\/wp\/v2\/product_brand?post=19612"},{"taxonomy":"product_cat","embeddable":true,"href":"https:\/\/linoexpress.com\/sk\/wp-json\/wp\/v2\/product_cat?post=19612"},{"taxonomy":"product_tag","embeddable":true,"href":"https:\/\/linoexpress.com\/sk\/wp-json\/wp\/v2\/product_tag?post=19612"}],"curies":[{"name":"wp","href":"https:\/\/api.w.org\/{rel}","templated":true}]}}