{"id":19646,"date":"2026-01-21T21:29:51","date_gmt":"2026-01-21T20:29:51","guid":{"rendered":"https:\/\/linoexpress.com\/sk\/produkt\/catty-product\/"},"modified":"2026-02-19T16:03:33","modified_gmt":"2026-02-19T15:03:33","slug":"mila-roboticka-macka-interaktivny-maznacik","status":"publish","type":"product","link":"https:\/\/linoexpress.com\/sk\/produkt\/mila-roboticka-macka-interaktivny-maznacik\/","title":{"rendered":"Mil\u00e1 robotick\u00e1 ma\u010dka &#8211; Interakt\u00edvny mazn\u00e1\u010dik"},"content":{"rendered":"","protected":false},"excerpt":{"rendered":"<p>T\u00e1to realistick\u00e1 robotick\u00e1 ma\u010dka chod\u00ed, m\u0148auk\u00e1 a pradie ako skuto\u010dn\u00e1, poskytuj\u00fac de\u0165om pocit skuto\u010dn\u00e9ho dom\u00e1ceho mil\u00e1\u010dika. Je vyroben\u00e1 z m\u00e4kk\u00e9ho, pr\u00edjemn\u00e9ho materi\u00e1lu, ktor\u00fd je bezpe\u010dn\u00fd na hranie a maznanie. Ide\u00e1lna je na rozvoj fant\u00e1zie, spolo\u010densk\u00e9 aktivity a dlhodob\u00fa z\u00e1bavu bez povinnost\u00ed starostlivosti o skuto\u010dn\u00e9 zviera.<\/p>\n","protected":false},"featured_media":19648,"comment_status":"closed","ping_status":"closed","template":"","meta":{"inline_featured_image":false},"product_brand":[],"product_cat":[27,24,15,35],"product_tag":[],"class_list":{"0":"post-19646","1":"product","2":"type-product","3":"status-publish","4":"has-post-thumbnail","6":"product_cat-home","7":"product_cat-sale","8":"product_cat-uncategorized","9":"product_cat-fun","11":"first","12":"instock","13":"sale","14":"taxable","15":"shipping-taxable","16":"purchasable","17":"product-type-simple"},"acf":[],"_links":{"self":[{"href":"https:\/\/linoexpress.com\/sk\/wp-json\/wp\/v2\/product\/19646","targetHints":{"allow":["GET"]}}],"collection":[{"href":"https:\/\/linoexpress.com\/sk\/wp-json\/wp\/v2\/product"}],"about":[{"href":"https:\/\/linoexpress.com\/sk\/wp-json\/wp\/v2\/types\/product"}],"replies":[{"embeddable":true,"href":"https:\/\/linoexpress.com\/sk\/wp-json\/wp\/v2\/comments?post=19646"}],"wp:featuredmedia":[{"embeddable":true,"href":"https:\/\/linoexpress.com\/sk\/wp-json\/wp\/v2\/media\/19648"}],"wp:attachment":[{"href":"https:\/\/linoexpress.com\/sk\/wp-json\/wp\/v2\/media?parent=19646"}],"wp:term":[{"taxonomy":"product_brand","embeddable":true,"href":"https:\/\/linoexpress.com\/sk\/wp-json\/wp\/v2\/product_brand?post=19646"},{"taxonomy":"product_cat","embeddable":true,"href":"https:\/\/linoexpress.com\/sk\/wp-json\/wp\/v2\/product_cat?post=19646"},{"taxonomy":"product_tag","embeddable":true,"href":"https:\/\/linoexpress.com\/sk\/wp-json\/wp\/v2\/product_tag?post=19646"}],"curies":[{"name":"wp","href":"https:\/\/api.w.org\/{rel}","templated":true}]}}